{"id":1070,"date":"2026-01-07T16:27:36","date_gmt":"2026-01-07T16:27:36","guid":{"rendered":"https:\/\/dev.traduzca.studio.nous.biz\/?page_id=1070"},"modified":"2026-02-04T14:54:59","modified_gmt":"2026-02-04T14:54:59","slug":"gleichzeitig","status":"publish","type":"page","link":"https:\/\/dev.traduzca.studio.nous.biz\/de\/gleichzeitig\/","title":{"rendered":"dolmetschen"},"content":{"rendered":"<div data-elementor-type=\"wp-page\" data-elementor-id=\"1070\" class=\"elementor elementor-1070\" data-elementor-post-type=\"page\">\n\t\t\t\t<div class=\"elementor-element elementor-element-ca84e58 e-flex e-con-boxed e-con e-parent\" data-id=\"ca84e58\" data-element_type=\"container\" data-e-type=\"container\">\n\t\t\t\t\t<div class=\"e-con-inner\">\n\t\t<div class=\"elementor-element elementor-element-5b4c439 e-con-full e-flex e-con e-child\" data-id=\"5b4c439\" data-element_type=\"container\" data-e-type=\"container\">\n\t\t\t\t<div class=\"elementor-element elementor-element-56853aa elementor-widget elementor-widget-heading\" data-id=\"56853aa\" data-element_type=\"widget\" data-e-type=\"widget\" data-widget_type=\"heading.default\">\n\t\t\t\t\t<h2 class=\"elementor-heading-title elementor-size-default\">Simultan<span style=\"color: blue\"> dolmetschen<\/span><\/h2>\t\t\t\t<\/div>\n\t\t\t\t<\/div>\n\t\t<div class=\"elementor-element elementor-element-10dd838 e-con-full e-grid e-con e-child\" data-id=\"10dd838\" data-element_type=\"container\" data-e-type=\"container\">\n\t\t<div class=\"elementor-element elementor-element-2e40fd7 e-con-full e-flex e-con e-child\" data-id=\"2e40fd7\" data-element_type=\"container\" data-e-type=\"container\">\n\t\t\t\t<div class=\"elementor-element elementor-element-c948f7e elementor-widget elementor-widget-image\" data-id=\"c948f7e\" data-element_type=\"widget\" data-e-type=\"widget\" data-widget_type=\"image.default\">\n\t\t\t\t\t\t\t\t\t\t\t\t\t\t\t<img fetchpriority=\"high\" decoding=\"async\" width=\"414\" height=\"309\" src=\"https:\/\/dev.traduzca.studio.nous.biz\/wp-content\/uploads\/2026\/01\/mulher-de-tiro-medio-trabalhando-em-agencia-de-viagens-1.png\" class=\"attachment-large size-large wp-image-797\" alt=\"\" srcset=\"https:\/\/dev.traduzca.studio.nous.biz\/wp-content\/uploads\/2026\/01\/mulher-de-tiro-medio-trabalhando-em-agencia-de-viagens-1.png 414w, https:\/\/dev.traduzca.studio.nous.biz\/wp-content\/uploads\/2026\/01\/mulher-de-tiro-medio-trabalhando-em-agencia-de-viagens-1-300x224.png 300w\" sizes=\"(max-width: 414px) 100vw, 414px\" \/>\t\t\t\t\t\t\t\t\t\t\t\t\t\t\t<\/div>\n\t\t\t\t<div class=\"elementor-element elementor-element-7995733 elementor-widget__width-initial elementor-widget elementor-widget-button\" data-id=\"7995733\" data-element_type=\"widget\" data-e-type=\"widget\" data-widget_type=\"button.default\">\n\t\t\t\t\t\t\t\t\t\t<a class=\"elementor-button elementor-button-link elementor-size-sm\" href=\"\/de\/home\/#form-orcamento-hero\">\n\t\t\t\t\t\t<span class=\"elementor-button-content-wrapper\">\n\t\t\t\t\t\t\t\t\t<span class=\"elementor-button-text\">JETZT ANGEBOT ANFORDERN<\/span>\n\t\t\t\t\t<\/span>\n\t\t\t\t\t<\/a>\n\t\t\t\t\t\t\t\t<\/div>\n\t\t\t\t<\/div>\n\t\t<div class=\"elementor-element elementor-element-b36f060 e-con-full e-flex e-con e-child\" data-id=\"b36f060\" data-element_type=\"container\" data-e-type=\"container\">\n\t\t\t\t<div class=\"elementor-element elementor-element-b3d5faf elementor-widget elementor-widget-text-editor\" data-id=\"b3d5faf\" data-element_type=\"widget\" data-e-type=\"widget\" data-widget_type=\"text-editor.default\">\n\t\t\t\t\t\t\t\t\t<p>Simultandolmetschen ist eine Form des Dolmetschens, bei der die Rede des Sprechers vom Dolmetscher zeitgleich \u00fcbersetzt und \u00fcber ein Audiosystem mit Kopfh\u00f6rern direkt an das Publikum \u00fcbertragen wird.<\/p><p>Simultandolmetschen wird f\u00fcr Veranstaltungen, Kongresse, Meetings, Debatten, Schulungen und Konferenzen empfohlen, da es Menschen unterschiedlicher Sprachen erm\u00f6glicht, im selben Umfeld teilzunehmen und zu interagieren \u2013 ohne sprachliche Barrieren.<\/p>\t\t\t\t\t\t\t\t<\/div>\n\t\t\t\t<\/div>\n\t\t\t\t<\/div>\n\t\t\t\t\t<\/div>\n\t\t\t\t<\/div>\n\t\t\t\t<\/div>","protected":false},"excerpt":{"rendered":"<p>Tradu\u00e7\u00e3o Simult\u00e2nea PE\u00c7A UM OR\u00c7AMENTO AGORA Tradu\u00e7\u00e3o simult\u00e2nea \u00e9 um modelo de tradu\u00e7\u00e3o em que a fala do orador \u00e9 traduzida simultaneamente pelo int\u00e9rprete e transmitida diretamente ao p\u00fablico atrav\u00e9s de um sistema de som e fones de ouvido. A tradu\u00e7\u00e3o simult\u00e2nea \u00e9 recomendada para eventos, congressos, reuni\u00f5es, debates, cursos, confer\u00eancias e muitas outras ocasi\u00f5es, [&hellip;]<\/p>","protected":false},"author":1,"featured_media":0,"parent":0,"menu_order":0,"comment_status":"closed","ping_status":"closed","template":"","meta":{"_acf_changed":false,"footnotes":""},"class_list":["post-1070","page","type-page","status-publish","hentry"],"acf":[],"yoast_head":"<!-- This site is optimized with the Yoast SEO plugin v26.9 - https:\/\/yoast.com\/product\/yoast-seo-wordpress\/ -->\n<title>Simult\u00e2nea - Traduzca<\/title>\n<meta name=\"robots\" content=\"index, follow, max-snippet:-1, max-image-preview:large, max-video-preview:-1\" \/>\n<link rel=\"canonical\" href=\"https:\/\/dev.traduzca.studio.nous.biz\/de\/gleichzeitig\/\" \/>\n<meta property=\"og:locale\" content=\"de_DE\" \/>\n<meta property=\"og:type\" content=\"article\" \/>\n<meta property=\"og:title\" content=\"Simult\u00e2nea - Traduzca\" \/>\n<meta property=\"og:description\" content=\"Tradu\u00e7\u00e3o Simult\u00e2nea PE\u00c7A UM OR\u00c7AMENTO AGORA Tradu\u00e7\u00e3o simult\u00e2nea \u00e9 um modelo de tradu\u00e7\u00e3o em que a fala do orador \u00e9 traduzida simultaneamente pelo int\u00e9rprete e transmitida diretamente ao p\u00fablico atrav\u00e9s de um sistema de som e fones de ouvido. A tradu\u00e7\u00e3o simult\u00e2nea \u00e9 recomendada para eventos, congressos, reuni\u00f5es, debates, cursos, confer\u00eancias e muitas outras ocasi\u00f5es, [&hellip;]\" \/>\n<meta property=\"og:url\" content=\"https:\/\/dev.traduzca.studio.nous.biz\/de\/gleichzeitig\/\" \/>\n<meta property=\"og:site_name\" content=\"Traduzca\" \/>\n<meta property=\"article:publisher\" content=\"https:\/\/www.facebook.com\/traduzca\" \/>\n<meta property=\"article:modified_time\" content=\"2026-02-04T14:54:59+00:00\" \/>\n<meta property=\"og:image\" content=\"https:\/\/dev.traduzca.studio.nous.biz\/wp-content\/uploads\/2026\/01\/mulher-de-tiro-medio-trabalhando-em-agencia-de-viagens-1.png\" \/>\n\t<meta property=\"og:image:width\" content=\"414\" \/>\n\t<meta property=\"og:image:height\" content=\"309\" \/>\n\t<meta property=\"og:image:type\" content=\"image\/png\" \/>\n<meta name=\"twitter:card\" content=\"summary_large_image\" \/>\n<meta name=\"twitter:label1\" content=\"Gesch\u00e4tzte Lesezeit\" \/>\n\t<meta name=\"twitter:data1\" content=\"1\u00a0Minute\" \/>\n<script type=\"application\/ld+json\" class=\"yoast-schema-graph\">{\"@context\":\"https:\/\/schema.org\",\"@graph\":[{\"@type\":\"WebPage\",\"@id\":\"https:\/\/dev.traduzca.studio.nous.biz\/simultanea\/\",\"url\":\"https:\/\/dev.traduzca.studio.nous.biz\/simultanea\/\",\"name\":\"Simult\u00e2nea - Traduzca\",\"isPartOf\":{\"@id\":\"https:\/\/dev.traduzca.studio.nous.biz\/#website\"},\"primaryImageOfPage\":{\"@id\":\"https:\/\/dev.traduzca.studio.nous.biz\/simultanea\/#primaryimage\"},\"image\":{\"@id\":\"https:\/\/dev.traduzca.studio.nous.biz\/simultanea\/#primaryimage\"},\"thumbnailUrl\":\"https:\/\/dev.traduzca.studio.nous.biz\/wp-content\/uploads\/2026\/01\/mulher-de-tiro-medio-trabalhando-em-agencia-de-viagens-1.png\",\"datePublished\":\"2026-01-07T16:27:36+00:00\",\"dateModified\":\"2026-02-04T14:54:59+00:00\",\"breadcrumb\":{\"@id\":\"https:\/\/dev.traduzca.studio.nous.biz\/simultanea\/#breadcrumb\"},\"inLanguage\":\"de\",\"potentialAction\":[{\"@type\":\"ReadAction\",\"target\":[\"https:\/\/dev.traduzca.studio.nous.biz\/simultanea\/\"]}]},{\"@type\":\"ImageObject\",\"inLanguage\":\"de\",\"@id\":\"https:\/\/dev.traduzca.studio.nous.biz\/simultanea\/#primaryimage\",\"url\":\"https:\/\/dev.traduzca.studio.nous.biz\/wp-content\/uploads\/2026\/01\/mulher-de-tiro-medio-trabalhando-em-agencia-de-viagens-1.png\",\"contentUrl\":\"https:\/\/dev.traduzca.studio.nous.biz\/wp-content\/uploads\/2026\/01\/mulher-de-tiro-medio-trabalhando-em-agencia-de-viagens-1.png\"},{\"@type\":\"BreadcrumbList\",\"@id\":\"https:\/\/dev.traduzca.studio.nous.biz\/simultanea\/#breadcrumb\",\"itemListElement\":[{\"@type\":\"ListItem\",\"position\":1,\"name\":\"Home\",\"item\":\"https:\/\/dev.traduzca.studio.nous.biz\/\"},{\"@type\":\"ListItem\",\"position\":2,\"name\":\"Simult\u00e2nea\"}]},{\"@type\":\"WebSite\",\"@id\":\"https:\/\/dev.traduzca.studio.nous.biz\/#website\",\"url\":\"https:\/\/dev.traduzca.studio.nous.biz\/\",\"name\":\"Traduzca\",\"description\":\"A Traduzca conecta voc\u00ea a tradutores nativos com expertise t\u00e9cnica. Qualidade, sigilo e pontualidade para romper as barreiras do seu neg\u00f3cio.\",\"publisher\":{\"@id\":\"https:\/\/dev.traduzca.studio.nous.biz\/#organization\"},\"potentialAction\":[{\"@type\":\"SearchAction\",\"target\":{\"@type\":\"EntryPoint\",\"urlTemplate\":\"https:\/\/dev.traduzca.studio.nous.biz\/?s={search_term_string}\"},\"query-input\":{\"@type\":\"PropertyValueSpecification\",\"valueRequired\":true,\"valueName\":\"search_term_string\"}}],\"inLanguage\":\"de\"},{\"@type\":\"Organization\",\"@id\":\"https:\/\/dev.traduzca.studio.nous.biz\/#organization\",\"name\":\"Traduzca\",\"url\":\"https:\/\/dev.traduzca.studio.nous.biz\/\",\"logo\":{\"@type\":\"ImageObject\",\"inLanguage\":\"de\",\"@id\":\"https:\/\/dev.traduzca.studio.nous.biz\/#\/schema\/logo\/image\/\",\"url\":\"https:\/\/dev.traduzca.studio.nous.biz\/wp-content\/uploads\/2026\/02\/cropped-favicon.png\",\"contentUrl\":\"https:\/\/dev.traduzca.studio.nous.biz\/wp-content\/uploads\/2026\/02\/cropped-favicon.png\",\"width\":97,\"height\":94,\"caption\":\"Traduzca\"},\"image\":{\"@id\":\"https:\/\/dev.traduzca.studio.nous.biz\/#\/schema\/logo\/image\/\"},\"sameAs\":[\"https:\/\/www.facebook.com\/traduzca\"]}]}<\/script>\n<!-- \/ Yoast SEO plugin. -->","yoast_head_json":{"title":"Simult\u00e2nea - Traduzca","robots":{"index":"index","follow":"follow","max-snippet":"max-snippet:-1","max-image-preview":"max-image-preview:large","max-video-preview":"max-video-preview:-1"},"canonical":"https:\/\/dev.traduzca.studio.nous.biz\/de\/gleichzeitig\/","og_locale":"de_DE","og_type":"article","og_title":"Simult\u00e2nea - Traduzca","og_description":"Tradu\u00e7\u00e3o Simult\u00e2nea PE\u00c7A UM OR\u00c7AMENTO AGORA Tradu\u00e7\u00e3o simult\u00e2nea \u00e9 um modelo de tradu\u00e7\u00e3o em que a fala do orador \u00e9 traduzida simultaneamente pelo int\u00e9rprete e transmitida diretamente ao p\u00fablico atrav\u00e9s de um sistema de som e fones de ouvido. A tradu\u00e7\u00e3o simult\u00e2nea \u00e9 recomendada para eventos, congressos, reuni\u00f5es, debates, cursos, confer\u00eancias e muitas outras ocasi\u00f5es, [&hellip;]","og_url":"https:\/\/dev.traduzca.studio.nous.biz\/de\/gleichzeitig\/","og_site_name":"Traduzca","article_publisher":"https:\/\/www.facebook.com\/traduzca","article_modified_time":"2026-02-04T14:54:59+00:00","og_image":[{"width":414,"height":309,"url":"https:\/\/dev.traduzca.studio.nous.biz\/wp-content\/uploads\/2026\/01\/mulher-de-tiro-medio-trabalhando-em-agencia-de-viagens-1.png","type":"image\/png"}],"twitter_card":"summary_large_image","twitter_misc":{"Gesch\u00e4tzte Lesezeit":"1\u00a0Minute"},"schema":{"@context":"https:\/\/schema.org","@graph":[{"@type":"WebPage","@id":"https:\/\/dev.traduzca.studio.nous.biz\/simultanea\/","url":"https:\/\/dev.traduzca.studio.nous.biz\/simultanea\/","name":"Simult\u00e2nea - Traduzca","isPartOf":{"@id":"https:\/\/dev.traduzca.studio.nous.biz\/#website"},"primaryImageOfPage":{"@id":"https:\/\/dev.traduzca.studio.nous.biz\/simultanea\/#primaryimage"},"image":{"@id":"https:\/\/dev.traduzca.studio.nous.biz\/simultanea\/#primaryimage"},"thumbnailUrl":"https:\/\/dev.traduzca.studio.nous.biz\/wp-content\/uploads\/2026\/01\/mulher-de-tiro-medio-trabalhando-em-agencia-de-viagens-1.png","datePublished":"2026-01-07T16:27:36+00:00","dateModified":"2026-02-04T14:54:59+00:00","breadcrumb":{"@id":"https:\/\/dev.traduzca.studio.nous.biz\/simultanea\/#breadcrumb"},"inLanguage":"de","potentialAction":[{"@type":"ReadAction","target":["https:\/\/dev.traduzca.studio.nous.biz\/simultanea\/"]}]},{"@type":"ImageObject","inLanguage":"de","@id":"https:\/\/dev.traduzca.studio.nous.biz\/simultanea\/#primaryimage","url":"https:\/\/dev.traduzca.studio.nous.biz\/wp-content\/uploads\/2026\/01\/mulher-de-tiro-medio-trabalhando-em-agencia-de-viagens-1.png","contentUrl":"https:\/\/dev.traduzca.studio.nous.biz\/wp-content\/uploads\/2026\/01\/mulher-de-tiro-medio-trabalhando-em-agencia-de-viagens-1.png"},{"@type":"BreadcrumbList","@id":"https:\/\/dev.traduzca.studio.nous.biz\/simultanea\/#breadcrumb","itemListElement":[{"@type":"ListItem","position":1,"name":"Home","item":"https:\/\/dev.traduzca.studio.nous.biz\/"},{"@type":"ListItem","position":2,"name":"Simult\u00e2nea"}]},{"@type":"WebSite","@id":"https:\/\/dev.traduzca.studio.nous.biz\/#website","url":"https:\/\/dev.traduzca.studio.nous.biz\/","name":"Traduzca","description":"Traduzca verbindet Sie mit muttersprachlichen \u00dcbersetzern mit ausgewiesener Fachexpertise. Qualit\u00e4t, Vertraulichkeit und Termintreue \u2013 damit Ihr Unternehmen Sprachbarrieren \u00fcberwindet.","publisher":{"@id":"https:\/\/dev.traduzca.studio.nous.biz\/#organization"},"potentialAction":[{"@type":"SearchAction","target":{"@type":"EntryPoint","urlTemplate":"https:\/\/dev.traduzca.studio.nous.biz\/?s={search_term_string}"},"query-input":{"@type":"PropertyValueSpecification","valueRequired":true,"valueName":"search_term_string"}}],"inLanguage":"de"},{"@type":"Organization","@id":"https:\/\/dev.traduzca.studio.nous.biz\/#organization","name":"Traduzca","url":"https:\/\/dev.traduzca.studio.nous.biz\/","logo":{"@type":"ImageObject","inLanguage":"de","@id":"https:\/\/dev.traduzca.studio.nous.biz\/#\/schema\/logo\/image\/","url":"https:\/\/dev.traduzca.studio.nous.biz\/wp-content\/uploads\/2026\/02\/cropped-favicon.png","contentUrl":"https:\/\/dev.traduzca.studio.nous.biz\/wp-content\/uploads\/2026\/02\/cropped-favicon.png","width":97,"height":94,"caption":"Traduzca"},"image":{"@id":"https:\/\/dev.traduzca.studio.nous.biz\/#\/schema\/logo\/image\/"},"sameAs":["https:\/\/www.facebook.com\/traduzca"]}]}},"_links":{"self":[{"href":"https:\/\/dev.traduzca.studio.nous.biz\/de\/wp-json\/wp\/v2\/pages\/1070","targetHints":{"allow":["GET"]}}],"collection":[{"href":"https:\/\/dev.traduzca.studio.nous.biz\/de\/wp-json\/wp\/v2\/pages"}],"about":[{"href":"https:\/\/dev.traduzca.studio.nous.biz\/de\/wp-json\/wp\/v2\/types\/page"}],"author":[{"embeddable":true,"href":"https:\/\/dev.traduzca.studio.nous.biz\/de\/wp-json\/wp\/v2\/users\/1"}],"replies":[{"embeddable":true,"href":"https:\/\/dev.traduzca.studio.nous.biz\/de\/wp-json\/wp\/v2\/comments?post=1070"}],"version-history":[{"count":7,"href":"https:\/\/dev.traduzca.studio.nous.biz\/de\/wp-json\/wp\/v2\/pages\/1070\/revisions"}],"predecessor-version":[{"id":2056,"href":"https:\/\/dev.traduzca.studio.nous.biz\/de\/wp-json\/wp\/v2\/pages\/1070\/revisions\/2056"}],"wp:attachment":[{"href":"https:\/\/dev.traduzca.studio.nous.biz\/de\/wp-json\/wp\/v2\/media?parent=1070"}],"curies":[{"name":"wp","href":"https:\/\/api.w.org\/{rel}","templated":true}]}}