{"id":824,"date":"2026-01-07T11:31:05","date_gmt":"2026-01-07T11:31:05","guid":{"rendered":"https:\/\/dev.traduzca.studio.nous.biz\/?page_id=824"},"modified":"2026-02-05T21:03:07","modified_gmt":"2026-02-05T21:03:07","slug":"akademisch","status":"publish","type":"page","link":"https:\/\/dev.traduzca.studio.nous.biz\/de\/akademisch\/","title":{"rendered":"Acad\u00e9mico"},"content":{"rendered":"<div data-elementor-type=\"wp-page\" data-elementor-id=\"824\" class=\"elementor elementor-824\" data-elementor-post-type=\"page\">\n\t\t\t\t<div class=\"elementor-element elementor-element-0bece5b e-flex e-con-boxed e-con e-parent\" data-id=\"0bece5b\" data-element_type=\"container\" data-e-type=\"container\">\n\t\t\t\t\t<div class=\"e-con-inner\">\n\t\t<div class=\"elementor-element elementor-element-95516f2 e-con-full e-flex e-con e-child\" data-id=\"95516f2\" data-element_type=\"container\" data-e-type=\"container\">\n\t\t\t\t<div class=\"elementor-element elementor-element-564e9f9 elementor-widget elementor-widget-heading\" data-id=\"564e9f9\" data-element_type=\"widget\" data-e-type=\"widget\" data-widget_type=\"heading.default\">\n\t\t\t\t\t<h2 class=\"elementor-heading-title elementor-size-default\">Unternehmens<span style=\"color: blue\"> \u00dcbersetzungen<\/span><\/h2>\t\t\t\t<\/div>\n\t\t\t\t<\/div>\n\t\t<div class=\"elementor-element elementor-element-0a0d0cf e-con-full e-grid e-con e-child\" data-id=\"0a0d0cf\" data-element_type=\"container\" data-e-type=\"container\">\n\t\t<div class=\"elementor-element elementor-element-6723c89 e-con-full e-flex e-con e-child\" data-id=\"6723c89\" data-element_type=\"container\" data-e-type=\"container\">\n\t\t\t\t<div class=\"elementor-element elementor-element-8f24c9c elementor-widget elementor-widget-image\" data-id=\"8f24c9c\" data-element_type=\"widget\" data-e-type=\"widget\" data-widget_type=\"image.default\">\n\t\t\t\t\t\t\t\t\t\t\t\t\t\t\t<img fetchpriority=\"high\" decoding=\"async\" width=\"800\" height=\"534\" src=\"https:\/\/dev.traduzca.studio.nous.biz\/wp-content\/uploads\/2026\/02\/Traducao-academica-traduzca-1024x683.jpg\" class=\"attachment-large size-large wp-image-2225\" alt=\"\" srcset=\"https:\/\/dev.traduzca.studio.nous.biz\/wp-content\/uploads\/2026\/02\/Traducao-academica-traduzca-1024x683.jpg 1024w, https:\/\/dev.traduzca.studio.nous.biz\/wp-content\/uploads\/2026\/02\/Traducao-academica-traduzca-300x200.jpg 300w, https:\/\/dev.traduzca.studio.nous.biz\/wp-content\/uploads\/2026\/02\/Traducao-academica-traduzca-768x512.jpg 768w, https:\/\/dev.traduzca.studio.nous.biz\/wp-content\/uploads\/2026\/02\/Traducao-academica-traduzca-1536x1024.jpg 1536w, https:\/\/dev.traduzca.studio.nous.biz\/wp-content\/uploads\/2026\/02\/Traducao-academica-traduzca-2048x1365.jpg 2048w, https:\/\/dev.traduzca.studio.nous.biz\/wp-content\/uploads\/2026\/02\/Traducao-academica-traduzca-18x12.jpg 18w\" sizes=\"(max-width: 800px) 100vw, 800px\" \/>\t\t\t\t\t\t\t\t\t\t\t\t\t\t\t<\/div>\n\t\t\t\t<div class=\"elementor-element elementor-element-c85a264 elementor-widget__width-initial elementor-widget elementor-widget-button\" data-id=\"c85a264\" data-element_type=\"widget\" data-e-type=\"widget\" data-widget_type=\"button.default\">\n\t\t\t\t\t\t\t\t\t\t<a class=\"elementor-button elementor-button-link elementor-size-sm\" href=\"\/de\/home\/#form-orcamento-hero\">\n\t\t\t\t\t\t<span class=\"elementor-button-content-wrapper\">\n\t\t\t\t\t\t\t\t\t<span class=\"elementor-button-text\">JETZT ANGEBOT ANFORDERN<\/span>\n\t\t\t\t\t<\/span>\n\t\t\t\t\t<\/a>\n\t\t\t\t\t\t\t\t<\/div>\n\t\t\t\t<\/div>\n\t\t<div class=\"elementor-element elementor-element-12e9e2a e-con-full e-flex e-con e-child\" data-id=\"12e9e2a\" data-element_type=\"container\" data-e-type=\"container\">\n\t\t\t\t<div class=\"elementor-element elementor-element-3fc8c5c elementor-widget elementor-widget-text-editor\" data-id=\"3fc8c5c\" data-element_type=\"widget\" data-e-type=\"widget\" data-widget_type=\"text-editor.default\">\n\t\t\t\t\t\t\t\t\t<p>Der Service f\u00fcr akademische \u00dcbersetzungen wurde entwickelt, um all jenen zu helfen, die in ihrer Bildungs- oder Berufslaufbahn im Ausland einen Schritt weitergehen m\u00f6chten.<\/p><p>Wir k\u00fcmmern uns um die \u00dcbersetzung und Aufbereitung von Diplomen, Zeugnissen und wissenschaftlichen Artikeln und stellen sicher, dass jedes Dokument den formalen und sprachlichen Anforderungen internationaler Institutionen entspricht. Alles wird mit technischer Pr\u00e4zision, Klarheit und absoluter Texttreue zum Original durchgef\u00fchrt.<\/p><p>Wir wissen, dass Anerkennungsverfahren im Ausland Pr\u00e4zision, Standardisierung und Detailgenauigkeit erfordern. Deshalb geht unsere Arbeit \u00fcber die reine \u00dcbersetzung hinaus: Wir analysieren die Art des Dokuments, das Zielland und die spezifischen Vorgaben von Universit\u00e4ten, Regulierungsbeh\u00f6rden und Bewertungsinstitutionen, um sicherzustellen, dass Ihr Material genehmigungsbereit ist \u2013 ohne Nachbesserungen oder Verz\u00f6gerungen.<\/p><p>Mit einem professionellen und strategischen Ansatz bieten wir mehr Sicherheit f\u00fcr alle, die im Ausland studieren, forschen oder akademisch t\u00e4tig sein m\u00f6chten. Unser Engagement ist es, Ihnen den Weg zu erleichtern und akademische Dokumente in echte Br\u00fccken zu neuen internationalen M\u00f6glichkeiten zu verwandeln \u2013 mit Vertrauen, Glaubw\u00fcrdigkeit und Sicherheitin jeder Phase des Prozesses.<\/p>\t\t\t\t\t\t\t\t<\/div>\n\t\t\t\t<\/div>\n\t\t\t\t<\/div>\n\t\t\t\t\t<\/div>\n\t\t\t\t<\/div>\n\t\t\t\t<\/div>","protected":false},"excerpt":{"rendered":"<p>Tradu\u00e7\u00f5es Acad\u00eamicas PE\u00c7A UM OR\u00c7AMENTO AGORA O servi\u00e7o de tradu\u00e7\u00f5es acad\u00eamicas foi desenvolvido para atender quem precisa dar um passo al\u00e9m na sua trajet\u00f3ria educacional ou profissional fora do pa\u00eds. Cuidamos da tradu\u00e7\u00e3o e prepara\u00e7\u00e3o de diplomas, hist\u00f3ricos escolares e artigos cient\u00edficos, garantindo que cada documento esteja adequado \u00e0s exig\u00eancias formais e lingu\u00edsticas de institui\u00e7\u00f5es [&hellip;]<\/p>","protected":false},"author":1,"featured_media":0,"parent":0,"menu_order":0,"comment_status":"closed","ping_status":"closed","template":"","meta":{"_acf_changed":false,"footnotes":""},"class_list":["post-824","page","type-page","status-publish","hentry"],"acf":[],"yoast_head":"<!-- This site is optimized with the Yoast SEO plugin v26.9 - https:\/\/yoast.com\/product\/yoast-seo-wordpress\/ -->\n<title>Acad\u00e9mico - Traduzca<\/title>\n<meta name=\"robots\" content=\"index, follow, max-snippet:-1, max-image-preview:large, max-video-preview:-1\" \/>\n<link rel=\"canonical\" href=\"https:\/\/dev.traduzca.studio.nous.biz\/de\/akademisch\/\" \/>\n<meta property=\"og:locale\" content=\"de_DE\" \/>\n<meta property=\"og:type\" content=\"article\" \/>\n<meta property=\"og:title\" content=\"Acad\u00e9mico - Traduzca\" \/>\n<meta property=\"og:description\" content=\"Tradu\u00e7\u00f5es Acad\u00eamicas PE\u00c7A UM OR\u00c7AMENTO AGORA O servi\u00e7o de tradu\u00e7\u00f5es acad\u00eamicas foi desenvolvido para atender quem precisa dar um passo al\u00e9m na sua trajet\u00f3ria educacional ou profissional fora do pa\u00eds. Cuidamos da tradu\u00e7\u00e3o e prepara\u00e7\u00e3o de diplomas, hist\u00f3ricos escolares e artigos cient\u00edficos, garantindo que cada documento esteja adequado \u00e0s exig\u00eancias formais e lingu\u00edsticas de institui\u00e7\u00f5es [&hellip;]\" \/>\n<meta property=\"og:url\" content=\"https:\/\/dev.traduzca.studio.nous.biz\/de\/akademisch\/\" \/>\n<meta property=\"og:site_name\" content=\"Traduzca\" \/>\n<meta property=\"article:publisher\" content=\"https:\/\/www.facebook.com\/traduzca\" \/>\n<meta property=\"article:modified_time\" content=\"2026-02-05T21:03:07+00:00\" \/>\n<meta property=\"og:image\" content=\"https:\/\/dev.traduzca.studio.nous.biz\/wp-content\/uploads\/2026\/02\/Traducao-academica-traduzca-1024x683.jpg\" \/>\n<meta name=\"twitter:card\" content=\"summary_large_image\" \/>\n<meta name=\"twitter:label1\" content=\"Gesch\u00e4tzte Lesezeit\" \/>\n\t<meta name=\"twitter:data1\" content=\"1\u00a0Minute\" \/>\n<script type=\"application\/ld+json\" class=\"yoast-schema-graph\">{\"@context\":\"https:\/\/schema.org\",\"@graph\":[{\"@type\":\"WebPage\",\"@id\":\"https:\/\/dev.traduzca.studio.nous.biz\/academico\/\",\"url\":\"https:\/\/dev.traduzca.studio.nous.biz\/academico\/\",\"name\":\"Acad\u00e9mico - Traduzca\",\"isPartOf\":{\"@id\":\"https:\/\/dev.traduzca.studio.nous.biz\/#website\"},\"primaryImageOfPage\":{\"@id\":\"https:\/\/dev.traduzca.studio.nous.biz\/academico\/#primaryimage\"},\"image\":{\"@id\":\"https:\/\/dev.traduzca.studio.nous.biz\/academico\/#primaryimage\"},\"thumbnailUrl\":\"https:\/\/dev.traduzca.studio.nous.biz\/wp-content\/uploads\/2026\/02\/Traducao-academica-traduzca-1024x683.jpg\",\"datePublished\":\"2026-01-07T11:31:05+00:00\",\"dateModified\":\"2026-02-05T21:03:07+00:00\",\"breadcrumb\":{\"@id\":\"https:\/\/dev.traduzca.studio.nous.biz\/academico\/#breadcrumb\"},\"inLanguage\":\"de\",\"potentialAction\":[{\"@type\":\"ReadAction\",\"target\":[\"https:\/\/dev.traduzca.studio.nous.biz\/academico\/\"]}]},{\"@type\":\"ImageObject\",\"inLanguage\":\"de\",\"@id\":\"https:\/\/dev.traduzca.studio.nous.biz\/academico\/#primaryimage\",\"url\":\"https:\/\/dev.traduzca.studio.nous.biz\/wp-content\/uploads\/2026\/02\/Traducao-academica-traduzca-1024x683.jpg\",\"contentUrl\":\"https:\/\/dev.traduzca.studio.nous.biz\/wp-content\/uploads\/2026\/02\/Traducao-academica-traduzca-1024x683.jpg\"},{\"@type\":\"BreadcrumbList\",\"@id\":\"https:\/\/dev.traduzca.studio.nous.biz\/academico\/#breadcrumb\",\"itemListElement\":[{\"@type\":\"ListItem\",\"position\":1,\"name\":\"Home\",\"item\":\"https:\/\/dev.traduzca.studio.nous.biz\/\"},{\"@type\":\"ListItem\",\"position\":2,\"name\":\"Acad\u00e9mico\"}]},{\"@type\":\"WebSite\",\"@id\":\"https:\/\/dev.traduzca.studio.nous.biz\/#website\",\"url\":\"https:\/\/dev.traduzca.studio.nous.biz\/\",\"name\":\"Traduzca\",\"description\":\"A Traduzca conecta voc\u00ea a tradutores nativos com expertise t\u00e9cnica. Qualidade, sigilo e pontualidade para romper as barreiras do seu neg\u00f3cio.\",\"publisher\":{\"@id\":\"https:\/\/dev.traduzca.studio.nous.biz\/#organization\"},\"potentialAction\":[{\"@type\":\"SearchAction\",\"target\":{\"@type\":\"EntryPoint\",\"urlTemplate\":\"https:\/\/dev.traduzca.studio.nous.biz\/?s={search_term_string}\"},\"query-input\":{\"@type\":\"PropertyValueSpecification\",\"valueRequired\":true,\"valueName\":\"search_term_string\"}}],\"inLanguage\":\"de\"},{\"@type\":\"Organization\",\"@id\":\"https:\/\/dev.traduzca.studio.nous.biz\/#organization\",\"name\":\"Traduzca\",\"url\":\"https:\/\/dev.traduzca.studio.nous.biz\/\",\"logo\":{\"@type\":\"ImageObject\",\"inLanguage\":\"de\",\"@id\":\"https:\/\/dev.traduzca.studio.nous.biz\/#\/schema\/logo\/image\/\",\"url\":\"https:\/\/dev.traduzca.studio.nous.biz\/wp-content\/uploads\/2026\/02\/cropped-favicon.png\",\"contentUrl\":\"https:\/\/dev.traduzca.studio.nous.biz\/wp-content\/uploads\/2026\/02\/cropped-favicon.png\",\"width\":97,\"height\":94,\"caption\":\"Traduzca\"},\"image\":{\"@id\":\"https:\/\/dev.traduzca.studio.nous.biz\/#\/schema\/logo\/image\/\"},\"sameAs\":[\"https:\/\/www.facebook.com\/traduzca\"]}]}<\/script>\n<!-- \/ Yoast SEO plugin. -->","yoast_head_json":{"title":"Acad\u00e9mico - Traduzca","robots":{"index":"index","follow":"follow","max-snippet":"max-snippet:-1","max-image-preview":"max-image-preview:large","max-video-preview":"max-video-preview:-1"},"canonical":"https:\/\/dev.traduzca.studio.nous.biz\/de\/akademisch\/","og_locale":"de_DE","og_type":"article","og_title":"Acad\u00e9mico - Traduzca","og_description":"Tradu\u00e7\u00f5es Acad\u00eamicas PE\u00c7A UM OR\u00c7AMENTO AGORA O servi\u00e7o de tradu\u00e7\u00f5es acad\u00eamicas foi desenvolvido para atender quem precisa dar um passo al\u00e9m na sua trajet\u00f3ria educacional ou profissional fora do pa\u00eds. Cuidamos da tradu\u00e7\u00e3o e prepara\u00e7\u00e3o de diplomas, hist\u00f3ricos escolares e artigos cient\u00edficos, garantindo que cada documento esteja adequado \u00e0s exig\u00eancias formais e lingu\u00edsticas de institui\u00e7\u00f5es [&hellip;]","og_url":"https:\/\/dev.traduzca.studio.nous.biz\/de\/akademisch\/","og_site_name":"Traduzca","article_publisher":"https:\/\/www.facebook.com\/traduzca","article_modified_time":"2026-02-05T21:03:07+00:00","og_image":[{"url":"https:\/\/dev.traduzca.studio.nous.biz\/wp-content\/uploads\/2026\/02\/Traducao-academica-traduzca-1024x683.jpg","type":"","width":"","height":""}],"twitter_card":"summary_large_image","twitter_misc":{"Gesch\u00e4tzte Lesezeit":"1\u00a0Minute"},"schema":{"@context":"https:\/\/schema.org","@graph":[{"@type":"WebPage","@id":"https:\/\/dev.traduzca.studio.nous.biz\/academico\/","url":"https:\/\/dev.traduzca.studio.nous.biz\/academico\/","name":"Acad\u00e9mico - Traduzca","isPartOf":{"@id":"https:\/\/dev.traduzca.studio.nous.biz\/#website"},"primaryImageOfPage":{"@id":"https:\/\/dev.traduzca.studio.nous.biz\/academico\/#primaryimage"},"image":{"@id":"https:\/\/dev.traduzca.studio.nous.biz\/academico\/#primaryimage"},"thumbnailUrl":"https:\/\/dev.traduzca.studio.nous.biz\/wp-content\/uploads\/2026\/02\/Traducao-academica-traduzca-1024x683.jpg","datePublished":"2026-01-07T11:31:05+00:00","dateModified":"2026-02-05T21:03:07+00:00","breadcrumb":{"@id":"https:\/\/dev.traduzca.studio.nous.biz\/academico\/#breadcrumb"},"inLanguage":"de","potentialAction":[{"@type":"ReadAction","target":["https:\/\/dev.traduzca.studio.nous.biz\/academico\/"]}]},{"@type":"ImageObject","inLanguage":"de","@id":"https:\/\/dev.traduzca.studio.nous.biz\/academico\/#primaryimage","url":"https:\/\/dev.traduzca.studio.nous.biz\/wp-content\/uploads\/2026\/02\/Traducao-academica-traduzca-1024x683.jpg","contentUrl":"https:\/\/dev.traduzca.studio.nous.biz\/wp-content\/uploads\/2026\/02\/Traducao-academica-traduzca-1024x683.jpg"},{"@type":"BreadcrumbList","@id":"https:\/\/dev.traduzca.studio.nous.biz\/academico\/#breadcrumb","itemListElement":[{"@type":"ListItem","position":1,"name":"Home","item":"https:\/\/dev.traduzca.studio.nous.biz\/"},{"@type":"ListItem","position":2,"name":"Acad\u00e9mico"}]},{"@type":"WebSite","@id":"https:\/\/dev.traduzca.studio.nous.biz\/#website","url":"https:\/\/dev.traduzca.studio.nous.biz\/","name":"Traduzca","description":"Traduzca verbindet Sie mit muttersprachlichen \u00dcbersetzern mit ausgewiesener Fachexpertise. Qualit\u00e4t, Vertraulichkeit und Termintreue \u2013 damit Ihr Unternehmen Sprachbarrieren \u00fcberwindet.","publisher":{"@id":"https:\/\/dev.traduzca.studio.nous.biz\/#organization"},"potentialAction":[{"@type":"SearchAction","target":{"@type":"EntryPoint","urlTemplate":"https:\/\/dev.traduzca.studio.nous.biz\/?s={search_term_string}"},"query-input":{"@type":"PropertyValueSpecification","valueRequired":true,"valueName":"search_term_string"}}],"inLanguage":"de"},{"@type":"Organization","@id":"https:\/\/dev.traduzca.studio.nous.biz\/#organization","name":"Traduzca","url":"https:\/\/dev.traduzca.studio.nous.biz\/","logo":{"@type":"ImageObject","inLanguage":"de","@id":"https:\/\/dev.traduzca.studio.nous.biz\/#\/schema\/logo\/image\/","url":"https:\/\/dev.traduzca.studio.nous.biz\/wp-content\/uploads\/2026\/02\/cropped-favicon.png","contentUrl":"https:\/\/dev.traduzca.studio.nous.biz\/wp-content\/uploads\/2026\/02\/cropped-favicon.png","width":97,"height":94,"caption":"Traduzca"},"image":{"@id":"https:\/\/dev.traduzca.studio.nous.biz\/#\/schema\/logo\/image\/"},"sameAs":["https:\/\/www.facebook.com\/traduzca"]}]}},"_links":{"self":[{"href":"https:\/\/dev.traduzca.studio.nous.biz\/de\/wp-json\/wp\/v2\/pages\/824","targetHints":{"allow":["GET"]}}],"collection":[{"href":"https:\/\/dev.traduzca.studio.nous.biz\/de\/wp-json\/wp\/v2\/pages"}],"about":[{"href":"https:\/\/dev.traduzca.studio.nous.biz\/de\/wp-json\/wp\/v2\/types\/page"}],"author":[{"embeddable":true,"href":"https:\/\/dev.traduzca.studio.nous.biz\/de\/wp-json\/wp\/v2\/users\/1"}],"replies":[{"embeddable":true,"href":"https:\/\/dev.traduzca.studio.nous.biz\/de\/wp-json\/wp\/v2\/comments?post=824"}],"version-history":[{"count":19,"href":"https:\/\/dev.traduzca.studio.nous.biz\/de\/wp-json\/wp\/v2\/pages\/824\/revisions"}],"predecessor-version":[{"id":2228,"href":"https:\/\/dev.traduzca.studio.nous.biz\/de\/wp-json\/wp\/v2\/pages\/824\/revisions\/2228"}],"wp:attachment":[{"href":"https:\/\/dev.traduzca.studio.nous.biz\/de\/wp-json\/wp\/v2\/media?parent=824"}],"curies":[{"name":"wp","href":"https:\/\/api.w.org\/{rel}","templated":true}]}}