{"id":857,"date":"2026-01-07T11:46:50","date_gmt":"2026-01-07T11:46:50","guid":{"rendered":"https:\/\/dev.traduzca.studio.nous.biz\/?page_id=857"},"modified":"2026-02-05T20:36:14","modified_gmt":"2026-02-05T20:36:14","slug":"finanzielle","status":"publish","type":"page","link":"https:\/\/dev.traduzca.studio.nous.biz\/de\/finanzielle\/","title":{"rendered":"Finanzen"},"content":{"rendered":"<div data-elementor-type=\"wp-page\" data-elementor-id=\"857\" class=\"elementor elementor-857\" data-elementor-post-type=\"page\">\n\t\t\t\t<div class=\"elementor-element elementor-element-526a698 e-flex e-con-boxed e-con e-parent\" data-id=\"526a698\" data-element_type=\"container\" data-e-type=\"container\">\n\t\t\t\t\t<div class=\"e-con-inner\">\n\t\t<div class=\"elementor-element elementor-element-41505eb e-con-full e-flex e-con e-child\" data-id=\"41505eb\" data-element_type=\"container\" data-e-type=\"container\">\n\t\t\t\t<div class=\"elementor-element elementor-element-89120f0 elementor-widget elementor-widget-heading\" data-id=\"89120f0\" data-element_type=\"widget\" data-e-type=\"widget\" data-widget_type=\"heading.default\">\n\t\t\t\t\t<h2 class=\"elementor-heading-title elementor-size-default\">Simultan<span style=\"color: blue\"> \u00fcbersetzungen<\/span><\/h2>\t\t\t\t<\/div>\n\t\t\t\t<\/div>\n\t\t<div class=\"elementor-element elementor-element-085bdab e-con-full e-grid e-con e-child\" data-id=\"085bdab\" data-element_type=\"container\" data-e-type=\"container\">\n\t\t<div class=\"elementor-element elementor-element-1f3d439 e-con-full e-flex e-con e-child\" data-id=\"1f3d439\" data-element_type=\"container\" data-e-type=\"container\">\n\t\t\t\t<div class=\"elementor-element elementor-element-7ad650d elementor-widget elementor-widget-image\" data-id=\"7ad650d\" data-element_type=\"widget\" data-e-type=\"widget\" data-widget_type=\"image.default\">\n\t\t\t\t\t\t\t\t\t\t\t\t\t\t\t<img fetchpriority=\"high\" decoding=\"async\" width=\"800\" height=\"534\" src=\"https:\/\/dev.traduzca.studio.nous.biz\/wp-content\/uploads\/2026\/02\/Traducao-financeira-traduzca-1024x683.jpg\" class=\"attachment-large size-large wp-image-2206\" alt=\"\" srcset=\"https:\/\/dev.traduzca.studio.nous.biz\/wp-content\/uploads\/2026\/02\/Traducao-financeira-traduzca-1024x683.jpg 1024w, https:\/\/dev.traduzca.studio.nous.biz\/wp-content\/uploads\/2026\/02\/Traducao-financeira-traduzca-300x200.jpg 300w, https:\/\/dev.traduzca.studio.nous.biz\/wp-content\/uploads\/2026\/02\/Traducao-financeira-traduzca-768x512.jpg 768w, https:\/\/dev.traduzca.studio.nous.biz\/wp-content\/uploads\/2026\/02\/Traducao-financeira-traduzca-1536x1024.jpg 1536w, https:\/\/dev.traduzca.studio.nous.biz\/wp-content\/uploads\/2026\/02\/Traducao-financeira-traduzca-2048x1365.jpg 2048w, https:\/\/dev.traduzca.studio.nous.biz\/wp-content\/uploads\/2026\/02\/Traducao-financeira-traduzca-18x12.jpg 18w\" sizes=\"(max-width: 800px) 100vw, 800px\" \/>\t\t\t\t\t\t\t\t\t\t\t\t\t\t\t<\/div>\n\t\t\t\t<div class=\"elementor-element elementor-element-de6bc57 elementor-widget__width-initial elementor-widget elementor-widget-button\" data-id=\"de6bc57\" data-element_type=\"widget\" data-e-type=\"widget\" data-widget_type=\"button.default\">\n\t\t\t\t\t\t\t\t\t\t<a class=\"elementor-button elementor-button-link elementor-size-sm\" href=\"\/de\/home\/#form-orcamento-hero\">\n\t\t\t\t\t\t<span class=\"elementor-button-content-wrapper\">\n\t\t\t\t\t\t\t\t\t<span class=\"elementor-button-text\">JETZT ANGEBOT ANFORDERN<\/span>\n\t\t\t\t\t<\/span>\n\t\t\t\t\t<\/a>\n\t\t\t\t\t\t\t\t<\/div>\n\t\t\t\t<\/div>\n\t\t<div class=\"elementor-element elementor-element-f9afe8b e-con-full e-flex e-con e-child\" data-id=\"f9afe8b\" data-element_type=\"container\" data-e-type=\"container\">\n\t\t\t\t<div class=\"elementor-element elementor-element-5b654cf elementor-widget elementor-widget-text-editor\" data-id=\"5b654cf\" data-element_type=\"widget\" data-e-type=\"widget\" data-widget_type=\"text-editor.default\">\n\t\t\t\t\t\t\t\t\t<p>Der Service f\u00fcr Finanz\u00fcbersetzungen ist auf die \u00dcbersetzung von Dokumenten ausgerichtet, die h\u00f6chste Genauigkeit, Klarheit und Vertraulichkeit erfordern. Wir \u00fcbersetzen Finanzberichte, Bilanzen, Pr\u00fcfberichte und Gesch\u00e4ftsberichte und gew\u00e4hrleisten absolute Genauigkeit bei Daten, Zahlen und Fachterminologie gem\u00e4\u00df den Standards internationaler Institutionen und M\u00e4rkte.<\/p><p>Wir wissen, dass finanzielle Informationen sensibel und strategisch sind. Daher wird jede \u00dcbersetzung unter strenger Beachtung terminologischer Konsistenz, korrekter Formatierung und der \u00dcbereinstimmung zwischen Werten und Beschreibungen erstellt, um das Risiko fehlerhafter Interpretationen bei Investitionen, externen Pr\u00fcfungen, Fusionen, \u00dcbernahmen und Unternehmensanalysen zu minimieren.<\/p><p>Mit ethischem Handeln und absoluter Vertraulichkeit bieten wir einen zuverl\u00e4ssigen Service f\u00fcr Unternehmen und Fachkr\u00e4fte, die in globalen Umfeldern agieren. Unser Engagement ist es, sicherzustellen, dass Ihre Finanzdokumente Glaubw\u00fcrdigkeit, Transparenz und Sicherheit vermitteln und wichtige Entscheidungen mit Genauigkeit und Vertrauen unterst\u00fctzen.<\/p>\t\t\t\t\t\t\t\t<\/div>\n\t\t\t\t<\/div>\n\t\t\t\t<\/div>\n\t\t\t\t\t<\/div>\n\t\t\t\t<\/div>\n\t\t\t\t<\/div>","protected":false},"excerpt":{"rendered":"<p>Tradu\u00e7\u00e3o Financeira PE\u00c7A UM OR\u00c7AMENTO AGORA O servi\u00e7o tradu\u00e7\u00f5es financeiras \u00e9 voltado \u00e0 tradu\u00e7\u00e3o de documentos que exigem extrema precis\u00e3o, clareza e confidencialidade. Trabalhamos com relat\u00f3rios financeiros, balan\u00e7os patrimoniais, auditorias e demonstrativos, garantindo total fidelidade aos dados, n\u00fameros e termos t\u00e9cnicos, conforme os padr\u00f5es exigidos por institui\u00e7\u00f5es e mercados internacionais. Sabemos que informa\u00e7\u00f5es financeiras s\u00e3o [&hellip;]<\/p>","protected":false},"author":1,"featured_media":0,"parent":0,"menu_order":0,"comment_status":"closed","ping_status":"closed","template":"","meta":{"_acf_changed":false,"footnotes":""},"class_list":["post-857","page","type-page","status-publish","hentry"],"acf":[],"yoast_head":"<!-- This site is optimized with the Yoast SEO plugin v26.9 - https:\/\/yoast.com\/product\/yoast-seo-wordpress\/ -->\n<title>Financeiro - Traduzca<\/title>\n<meta name=\"robots\" content=\"index, follow, max-snippet:-1, max-image-preview:large, max-video-preview:-1\" \/>\n<link rel=\"canonical\" href=\"https:\/\/dev.traduzca.studio.nous.biz\/de\/finanzielle\/\" \/>\n<meta property=\"og:locale\" content=\"de_DE\" \/>\n<meta property=\"og:type\" content=\"article\" \/>\n<meta property=\"og:title\" content=\"Financeiro - Traduzca\" \/>\n<meta property=\"og:description\" content=\"Tradu\u00e7\u00e3o Financeira PE\u00c7A UM OR\u00c7AMENTO AGORA O servi\u00e7o tradu\u00e7\u00f5es financeiras \u00e9 voltado \u00e0 tradu\u00e7\u00e3o de documentos que exigem extrema precis\u00e3o, clareza e confidencialidade. Trabalhamos com relat\u00f3rios financeiros, balan\u00e7os patrimoniais, auditorias e demonstrativos, garantindo total fidelidade aos dados, n\u00fameros e termos t\u00e9cnicos, conforme os padr\u00f5es exigidos por institui\u00e7\u00f5es e mercados internacionais. Sabemos que informa\u00e7\u00f5es financeiras s\u00e3o [&hellip;]\" \/>\n<meta property=\"og:url\" content=\"https:\/\/dev.traduzca.studio.nous.biz\/de\/finanzielle\/\" \/>\n<meta property=\"og:site_name\" content=\"Traduzca\" \/>\n<meta property=\"article:publisher\" content=\"https:\/\/www.facebook.com\/traduzca\" \/>\n<meta property=\"article:modified_time\" content=\"2026-02-05T20:36:14+00:00\" \/>\n<meta property=\"og:image\" content=\"https:\/\/dev.traduzca.studio.nous.biz\/wp-content\/uploads\/2026\/02\/Traducao-financeira-traduzca-1024x683.jpg\" \/>\n<meta name=\"twitter:card\" content=\"summary_large_image\" \/>\n<meta name=\"twitter:label1\" content=\"Gesch\u00e4tzte Lesezeit\" \/>\n\t<meta name=\"twitter:data1\" content=\"1\u00a0Minute\" \/>\n<script type=\"application\/ld+json\" class=\"yoast-schema-graph\">{\"@context\":\"https:\/\/schema.org\",\"@graph\":[{\"@type\":\"WebPage\",\"@id\":\"https:\/\/dev.traduzca.studio.nous.biz\/financeiro\/\",\"url\":\"https:\/\/dev.traduzca.studio.nous.biz\/financeiro\/\",\"name\":\"Financeiro - Traduzca\",\"isPartOf\":{\"@id\":\"https:\/\/dev.traduzca.studio.nous.biz\/#website\"},\"primaryImageOfPage\":{\"@id\":\"https:\/\/dev.traduzca.studio.nous.biz\/financeiro\/#primaryimage\"},\"image\":{\"@id\":\"https:\/\/dev.traduzca.studio.nous.biz\/financeiro\/#primaryimage\"},\"thumbnailUrl\":\"https:\/\/dev.traduzca.studio.nous.biz\/wp-content\/uploads\/2026\/02\/Traducao-financeira-traduzca-1024x683.jpg\",\"datePublished\":\"2026-01-07T11:46:50+00:00\",\"dateModified\":\"2026-02-05T20:36:14+00:00\",\"breadcrumb\":{\"@id\":\"https:\/\/dev.traduzca.studio.nous.biz\/financeiro\/#breadcrumb\"},\"inLanguage\":\"de\",\"potentialAction\":[{\"@type\":\"ReadAction\",\"target\":[\"https:\/\/dev.traduzca.studio.nous.biz\/financeiro\/\"]}]},{\"@type\":\"ImageObject\",\"inLanguage\":\"de\",\"@id\":\"https:\/\/dev.traduzca.studio.nous.biz\/financeiro\/#primaryimage\",\"url\":\"https:\/\/dev.traduzca.studio.nous.biz\/wp-content\/uploads\/2026\/02\/Traducao-financeira-traduzca-1024x683.jpg\",\"contentUrl\":\"https:\/\/dev.traduzca.studio.nous.biz\/wp-content\/uploads\/2026\/02\/Traducao-financeira-traduzca-1024x683.jpg\"},{\"@type\":\"BreadcrumbList\",\"@id\":\"https:\/\/dev.traduzca.studio.nous.biz\/financeiro\/#breadcrumb\",\"itemListElement\":[{\"@type\":\"ListItem\",\"position\":1,\"name\":\"Home\",\"item\":\"https:\/\/dev.traduzca.studio.nous.biz\/\"},{\"@type\":\"ListItem\",\"position\":2,\"name\":\"Financeiro\"}]},{\"@type\":\"WebSite\",\"@id\":\"https:\/\/dev.traduzca.studio.nous.biz\/#website\",\"url\":\"https:\/\/dev.traduzca.studio.nous.biz\/\",\"name\":\"Traduzca\",\"description\":\"A Traduzca conecta voc\u00ea a tradutores nativos com expertise t\u00e9cnica. Qualidade, sigilo e pontualidade para romper as barreiras do seu neg\u00f3cio.\",\"publisher\":{\"@id\":\"https:\/\/dev.traduzca.studio.nous.biz\/#organization\"},\"potentialAction\":[{\"@type\":\"SearchAction\",\"target\":{\"@type\":\"EntryPoint\",\"urlTemplate\":\"https:\/\/dev.traduzca.studio.nous.biz\/?s={search_term_string}\"},\"query-input\":{\"@type\":\"PropertyValueSpecification\",\"valueRequired\":true,\"valueName\":\"search_term_string\"}}],\"inLanguage\":\"de\"},{\"@type\":\"Organization\",\"@id\":\"https:\/\/dev.traduzca.studio.nous.biz\/#organization\",\"name\":\"Traduzca\",\"url\":\"https:\/\/dev.traduzca.studio.nous.biz\/\",\"logo\":{\"@type\":\"ImageObject\",\"inLanguage\":\"de\",\"@id\":\"https:\/\/dev.traduzca.studio.nous.biz\/#\/schema\/logo\/image\/\",\"url\":\"https:\/\/dev.traduzca.studio.nous.biz\/wp-content\/uploads\/2026\/02\/cropped-favicon.png\",\"contentUrl\":\"https:\/\/dev.traduzca.studio.nous.biz\/wp-content\/uploads\/2026\/02\/cropped-favicon.png\",\"width\":97,\"height\":94,\"caption\":\"Traduzca\"},\"image\":{\"@id\":\"https:\/\/dev.traduzca.studio.nous.biz\/#\/schema\/logo\/image\/\"},\"sameAs\":[\"https:\/\/www.facebook.com\/traduzca\"]}]}<\/script>\n<!-- \/ Yoast SEO plugin. -->","yoast_head_json":{"title":"Financeiro - Traduzca","robots":{"index":"index","follow":"follow","max-snippet":"max-snippet:-1","max-image-preview":"max-image-preview:large","max-video-preview":"max-video-preview:-1"},"canonical":"https:\/\/dev.traduzca.studio.nous.biz\/de\/finanzielle\/","og_locale":"de_DE","og_type":"article","og_title":"Financeiro - Traduzca","og_description":"Tradu\u00e7\u00e3o Financeira PE\u00c7A UM OR\u00c7AMENTO AGORA O servi\u00e7o tradu\u00e7\u00f5es financeiras \u00e9 voltado \u00e0 tradu\u00e7\u00e3o de documentos que exigem extrema precis\u00e3o, clareza e confidencialidade. Trabalhamos com relat\u00f3rios financeiros, balan\u00e7os patrimoniais, auditorias e demonstrativos, garantindo total fidelidade aos dados, n\u00fameros e termos t\u00e9cnicos, conforme os padr\u00f5es exigidos por institui\u00e7\u00f5es e mercados internacionais. Sabemos que informa\u00e7\u00f5es financeiras s\u00e3o [&hellip;]","og_url":"https:\/\/dev.traduzca.studio.nous.biz\/de\/finanzielle\/","og_site_name":"Traduzca","article_publisher":"https:\/\/www.facebook.com\/traduzca","article_modified_time":"2026-02-05T20:36:14+00:00","og_image":[{"url":"https:\/\/dev.traduzca.studio.nous.biz\/wp-content\/uploads\/2026\/02\/Traducao-financeira-traduzca-1024x683.jpg","type":"","width":"","height":""}],"twitter_card":"summary_large_image","twitter_misc":{"Gesch\u00e4tzte Lesezeit":"1\u00a0Minute"},"schema":{"@context":"https:\/\/schema.org","@graph":[{"@type":"WebPage","@id":"https:\/\/dev.traduzca.studio.nous.biz\/financeiro\/","url":"https:\/\/dev.traduzca.studio.nous.biz\/financeiro\/","name":"Financeiro - Traduzca","isPartOf":{"@id":"https:\/\/dev.traduzca.studio.nous.biz\/#website"},"primaryImageOfPage":{"@id":"https:\/\/dev.traduzca.studio.nous.biz\/financeiro\/#primaryimage"},"image":{"@id":"https:\/\/dev.traduzca.studio.nous.biz\/financeiro\/#primaryimage"},"thumbnailUrl":"https:\/\/dev.traduzca.studio.nous.biz\/wp-content\/uploads\/2026\/02\/Traducao-financeira-traduzca-1024x683.jpg","datePublished":"2026-01-07T11:46:50+00:00","dateModified":"2026-02-05T20:36:14+00:00","breadcrumb":{"@id":"https:\/\/dev.traduzca.studio.nous.biz\/financeiro\/#breadcrumb"},"inLanguage":"de","potentialAction":[{"@type":"ReadAction","target":["https:\/\/dev.traduzca.studio.nous.biz\/financeiro\/"]}]},{"@type":"ImageObject","inLanguage":"de","@id":"https:\/\/dev.traduzca.studio.nous.biz\/financeiro\/#primaryimage","url":"https:\/\/dev.traduzca.studio.nous.biz\/wp-content\/uploads\/2026\/02\/Traducao-financeira-traduzca-1024x683.jpg","contentUrl":"https:\/\/dev.traduzca.studio.nous.biz\/wp-content\/uploads\/2026\/02\/Traducao-financeira-traduzca-1024x683.jpg"},{"@type":"BreadcrumbList","@id":"https:\/\/dev.traduzca.studio.nous.biz\/financeiro\/#breadcrumb","itemListElement":[{"@type":"ListItem","position":1,"name":"Home","item":"https:\/\/dev.traduzca.studio.nous.biz\/"},{"@type":"ListItem","position":2,"name":"Financeiro"}]},{"@type":"WebSite","@id":"https:\/\/dev.traduzca.studio.nous.biz\/#website","url":"https:\/\/dev.traduzca.studio.nous.biz\/","name":"Traduzca","description":"Traduzca verbindet Sie mit muttersprachlichen \u00dcbersetzern mit ausgewiesener Fachexpertise. Qualit\u00e4t, Vertraulichkeit und Termintreue \u2013 damit Ihr Unternehmen Sprachbarrieren \u00fcberwindet.","publisher":{"@id":"https:\/\/dev.traduzca.studio.nous.biz\/#organization"},"potentialAction":[{"@type":"SearchAction","target":{"@type":"EntryPoint","urlTemplate":"https:\/\/dev.traduzca.studio.nous.biz\/?s={search_term_string}"},"query-input":{"@type":"PropertyValueSpecification","valueRequired":true,"valueName":"search_term_string"}}],"inLanguage":"de"},{"@type":"Organization","@id":"https:\/\/dev.traduzca.studio.nous.biz\/#organization","name":"Traduzca","url":"https:\/\/dev.traduzca.studio.nous.biz\/","logo":{"@type":"ImageObject","inLanguage":"de","@id":"https:\/\/dev.traduzca.studio.nous.biz\/#\/schema\/logo\/image\/","url":"https:\/\/dev.traduzca.studio.nous.biz\/wp-content\/uploads\/2026\/02\/cropped-favicon.png","contentUrl":"https:\/\/dev.traduzca.studio.nous.biz\/wp-content\/uploads\/2026\/02\/cropped-favicon.png","width":97,"height":94,"caption":"Traduzca"},"image":{"@id":"https:\/\/dev.traduzca.studio.nous.biz\/#\/schema\/logo\/image\/"},"sameAs":["https:\/\/www.facebook.com\/traduzca"]}]}},"_links":{"self":[{"href":"https:\/\/dev.traduzca.studio.nous.biz\/de\/wp-json\/wp\/v2\/pages\/857","targetHints":{"allow":["GET"]}}],"collection":[{"href":"https:\/\/dev.traduzca.studio.nous.biz\/de\/wp-json\/wp\/v2\/pages"}],"about":[{"href":"https:\/\/dev.traduzca.studio.nous.biz\/de\/wp-json\/wp\/v2\/types\/page"}],"author":[{"embeddable":true,"href":"https:\/\/dev.traduzca.studio.nous.biz\/de\/wp-json\/wp\/v2\/users\/1"}],"replies":[{"embeddable":true,"href":"https:\/\/dev.traduzca.studio.nous.biz\/de\/wp-json\/wp\/v2\/comments?post=857"}],"version-history":[{"count":11,"href":"https:\/\/dev.traduzca.studio.nous.biz\/de\/wp-json\/wp\/v2\/pages\/857\/revisions"}],"predecessor-version":[{"id":2209,"href":"https:\/\/dev.traduzca.studio.nous.biz\/de\/wp-json\/wp\/v2\/pages\/857\/revisions\/2209"}],"wp:attachment":[{"href":"https:\/\/dev.traduzca.studio.nous.biz\/de\/wp-json\/wp\/v2\/media?parent=857"}],"curies":[{"name":"wp","href":"https:\/\/api.w.org\/{rel}","templated":true}]}}