{"id":799,"date":"2026-01-07T00:03:24","date_gmt":"2026-01-07T00:03:24","guid":{"rendered":"https:\/\/dev.traduzca.studio.nous.biz\/?page_id=799"},"modified":"2026-02-05T20:17:38","modified_gmt":"2026-02-05T20:17:38","slug":"italian-citizenship","status":"publish","type":"page","link":"https:\/\/dev.traduzca.studio.nous.biz\/en\/italian-citizenship\/","title":{"rendered":"Italian Citizenship"},"content":{"rendered":"<div data-elementor-type=\"wp-page\" data-elementor-id=\"799\" class=\"elementor elementor-799\" data-elementor-post-type=\"page\">\n\t\t\t\t<div class=\"elementor-element elementor-element-c45b0a7 e-flex e-con-boxed e-con e-parent\" data-id=\"c45b0a7\" data-element_type=\"container\" data-e-type=\"container\">\n\t\t\t\t\t<div class=\"e-con-inner\">\n\t\t<div class=\"elementor-element elementor-element-92777b9 e-con-full e-flex e-con e-child\" data-id=\"92777b9\" data-element_type=\"container\" data-e-type=\"container\">\n\t\t\t\t<div class=\"elementor-element elementor-element-29d6dc4 elementor-widget elementor-widget-heading\" data-id=\"29d6dc4\" data-element_type=\"widget\" data-e-type=\"widget\" data-widget_type=\"heading.default\">\n\t\t\t\t\t<h2 class=\"elementor-heading-title elementor-size-default\">Italian<span style=\"color: blue\"> Citizenship<\/span><\/h2>\t\t\t\t<\/div>\n\t\t\t\t<\/div>\n\t\t<div class=\"elementor-element elementor-element-6fc6969 e-con-full e-grid e-con e-child\" data-id=\"6fc6969\" data-element_type=\"container\" data-e-type=\"container\">\n\t\t<div class=\"elementor-element elementor-element-6822ec6 e-con-full e-flex e-con e-child\" data-id=\"6822ec6\" data-element_type=\"container\" data-e-type=\"container\">\n\t\t\t\t<div class=\"elementor-element elementor-element-ed57bfd elementor-widget elementor-widget-image\" data-id=\"ed57bfd\" data-element_type=\"widget\" data-e-type=\"widget\" data-widget_type=\"image.default\">\n\t\t\t\t\t\t\t\t\t\t\t\t\t\t\t<img fetchpriority=\"high\" decoding=\"async\" width=\"800\" height=\"534\" src=\"https:\/\/dev.traduzca.studio.nous.biz\/wp-content\/uploads\/2026\/01\/carousel-04-1024x683.jpg\" class=\"attachment-large size-large wp-image-899\" alt=\"\" srcset=\"https:\/\/dev.traduzca.studio.nous.biz\/wp-content\/uploads\/2026\/01\/carousel-04-1024x683.jpg 1024w, https:\/\/dev.traduzca.studio.nous.biz\/wp-content\/uploads\/2026\/01\/carousel-04-300x200.jpg 300w, https:\/\/dev.traduzca.studio.nous.biz\/wp-content\/uploads\/2026\/01\/carousel-04-768x512.jpg 768w, https:\/\/dev.traduzca.studio.nous.biz\/wp-content\/uploads\/2026\/01\/carousel-04-1536x1024.jpg 1536w, https:\/\/dev.traduzca.studio.nous.biz\/wp-content\/uploads\/2026\/01\/carousel-04-2048x1366.jpg 2048w\" sizes=\"(max-width: 800px) 100vw, 800px\" \/>\t\t\t\t\t\t\t\t\t\t\t\t\t\t\t<\/div>\n\t\t\t\t<div class=\"elementor-element elementor-element-67e9f78 elementor-widget__width-initial elementor-widget elementor-widget-button\" data-id=\"67e9f78\" data-element_type=\"widget\" data-e-type=\"widget\" data-widget_type=\"button.default\">\n\t\t\t\t\t\t\t\t\t\t<a class=\"elementor-button elementor-button-link elementor-size-sm\" href=\"\/en\/home\/#form-orcamento-hero\">\n\t\t\t\t\t\t<span class=\"elementor-button-content-wrapper\">\n\t\t\t\t\t\t\t\t\t<span class=\"elementor-button-text\">REQUEST A QUOTE NOW<\/span>\n\t\t\t\t\t<\/span>\n\t\t\t\t\t<\/a>\n\t\t\t\t\t\t\t\t<\/div>\n\t\t\t\t<\/div>\n\t\t<div class=\"elementor-element elementor-element-ad66230 e-con-full e-flex e-con e-child\" data-id=\"ad66230\" data-element_type=\"container\" data-e-type=\"container\">\n\t\t\t\t<div class=\"elementor-element elementor-element-af2840f elementor-widget elementor-widget-text-editor\" data-id=\"af2840f\" data-element_type=\"widget\" data-e-type=\"widget\" data-widget_type=\"text-editor.default\">\n\t\t\t\t\t\t\t\t\t<p>Certified translation into Italian is a necessary service throughout the process of obtaining Italian citizenship. Traduzca has a certified Italian translator to meet your needs.<\/p>\n<p><b>Who is eligible for Italian citizenship?<\/b><br>Italian citizenship is acquired under the principle of jus sanguinis (right of blood), with no generational limit. That is, great-great-grandchildren, great-grandchildren, grandchildren, and children may initiate the process. In addition to eligibility through ancestry, spouses of Italian citizens are also entitled to citizenship, and the process is even simpler.<\/p>\n<p><br><b>How does the process work?<\/b><br>The process can be carried out either in Brazil or in Italy. Document preparation and waiting times vary according to where you start the process. In Brazil, for example, obtaining Italian citizenship may take up to 10 years, while in Italy it can be achieved in a few months.<br><br><\/p>\n<p><b>Which documents are required?<br><\/b>Each dual citizenship application involves specific documents, which can be checked in detail on the Consulate\u2019s website. Certified translation of the original certificates (birth, marriage, death, and CNN) is mandatory for the Italian citizenship recognition process.<br><br><\/p>\n<p><b>What are the steps to obtain Italian citizenship?<\/b><br><ul style=\"\"><li style=\"\">Submit the application and wait in the Italian Consulate queue (learn how here).<\/li><li style=\"\">Wait for the Italian Consulate to summon applicants to present documents.<\/li><li style=\"\">When the Italian Consulate summons applicants, documents and certificates must be prepared. In this regard, you can rely on Traduzca\u2019s certified Italian translation service.<\/li><li style=\"\">Send the documents to the Italian Consulate for review.<\/li><li style=\"\">Wait for the Consulate\u2019s response to learn whether the process has been approved or requires adjustments, such as document corrections.<\/li><li style=\"\">Once the process is completed, simply apply for the Italian passport directly at the Consulate.<\/li><\/ul><\/p>\n<p><\/p>\t\t\t\t\t\t\t\t<\/div>\n\t\t\t\t<\/div>\n\t\t\t\t<\/div>\n\t\t\t\t\t<\/div>\n\t\t\t\t<\/div>\n\t\t\t\t<\/div>","protected":false},"excerpt":{"rendered":"<p>Cidadania Italiana PE\u00c7A UM OR\u00c7AMENTO AGORA A tradu\u00e7\u00e3o juramentada em italiano \u00e9 um servi\u00e7o necess\u00e1rio ao longo do processo para a obten\u00e7\u00e3o da cidadania italiana. A Traduzca disp\u00f5e de tradutor juramentado em italiano para atender a sua demanda. Quem tem direito \u00e0 cidadania italiana?A cidadania italiana \u00e9 conquistada atrav\u00e9s do princ\u00edpio jus sanguinis (direito de [&hellip;]<\/p>","protected":false},"author":1,"featured_media":0,"parent":0,"menu_order":0,"comment_status":"closed","ping_status":"closed","template":"elementor_header_footer","meta":{"_acf_changed":false,"footnotes":""},"class_list":["post-799","page","type-page","status-publish","hentry"],"acf":[],"yoast_head":"<!-- This site is optimized with the Yoast SEO plugin v26.9 - https:\/\/yoast.com\/product\/yoast-seo-wordpress\/ -->\n<title>Cidadania Italiana - Traduzca<\/title>\n<meta name=\"robots\" content=\"index, follow, max-snippet:-1, max-image-preview:large, max-video-preview:-1\" \/>\n<link rel=\"canonical\" href=\"https:\/\/dev.traduzca.studio.nous.biz\/en\/italian-citizenship\/\" \/>\n<meta property=\"og:locale\" content=\"en_US\" \/>\n<meta property=\"og:type\" content=\"article\" \/>\n<meta property=\"og:title\" content=\"Cidadania Italiana - Traduzca\" \/>\n<meta property=\"og:description\" content=\"Cidadania Italiana PE\u00c7A UM OR\u00c7AMENTO AGORA A tradu\u00e7\u00e3o juramentada em italiano \u00e9 um servi\u00e7o necess\u00e1rio ao longo do processo para a obten\u00e7\u00e3o da cidadania italiana. A Traduzca disp\u00f5e de tradutor juramentado em italiano para atender a sua demanda. Quem tem direito \u00e0 cidadania italiana?A cidadania italiana \u00e9 conquistada atrav\u00e9s do princ\u00edpio jus sanguinis (direito de [&hellip;]\" \/>\n<meta property=\"og:url\" content=\"https:\/\/dev.traduzca.studio.nous.biz\/en\/italian-citizenship\/\" \/>\n<meta property=\"og:site_name\" content=\"Traduzca\" \/>\n<meta property=\"article:publisher\" content=\"https:\/\/www.facebook.com\/traduzca\" \/>\n<meta property=\"article:modified_time\" content=\"2026-02-05T20:17:38+00:00\" \/>\n<meta property=\"og:image\" content=\"https:\/\/dev.traduzca.studio.nous.biz\/wp-content\/uploads\/2026\/01\/carousel-04-1024x683.jpg\" \/>\n<meta name=\"twitter:card\" content=\"summary_large_image\" \/>\n<meta name=\"twitter:label1\" content=\"Est. reading time\" \/>\n\t<meta name=\"twitter:data1\" content=\"2 minutes\" \/>\n<script type=\"application\/ld+json\" class=\"yoast-schema-graph\">{\"@context\":\"https:\/\/schema.org\",\"@graph\":[{\"@type\":\"WebPage\",\"@id\":\"https:\/\/dev.traduzca.studio.nous.biz\/cidadania-italiana\/\",\"url\":\"https:\/\/dev.traduzca.studio.nous.biz\/cidadania-italiana\/\",\"name\":\"Cidadania Italiana - Traduzca\",\"isPartOf\":{\"@id\":\"https:\/\/dev.traduzca.studio.nous.biz\/#website\"},\"primaryImageOfPage\":{\"@id\":\"https:\/\/dev.traduzca.studio.nous.biz\/cidadania-italiana\/#primaryimage\"},\"image\":{\"@id\":\"https:\/\/dev.traduzca.studio.nous.biz\/cidadania-italiana\/#primaryimage\"},\"thumbnailUrl\":\"https:\/\/dev.traduzca.studio.nous.biz\/wp-content\/uploads\/2026\/01\/carousel-04-1024x683.jpg\",\"datePublished\":\"2026-01-07T00:03:24+00:00\",\"dateModified\":\"2026-02-05T20:17:38+00:00\",\"breadcrumb\":{\"@id\":\"https:\/\/dev.traduzca.studio.nous.biz\/cidadania-italiana\/#breadcrumb\"},\"inLanguage\":\"en-US\",\"potentialAction\":[{\"@type\":\"ReadAction\",\"target\":[\"https:\/\/dev.traduzca.studio.nous.biz\/cidadania-italiana\/\"]}]},{\"@type\":\"ImageObject\",\"inLanguage\":\"en-US\",\"@id\":\"https:\/\/dev.traduzca.studio.nous.biz\/cidadania-italiana\/#primaryimage\",\"url\":\"https:\/\/dev.traduzca.studio.nous.biz\/wp-content\/uploads\/2026\/01\/carousel-04-1024x683.jpg\",\"contentUrl\":\"https:\/\/dev.traduzca.studio.nous.biz\/wp-content\/uploads\/2026\/01\/carousel-04-1024x683.jpg\"},{\"@type\":\"BreadcrumbList\",\"@id\":\"https:\/\/dev.traduzca.studio.nous.biz\/cidadania-italiana\/#breadcrumb\",\"itemListElement\":[{\"@type\":\"ListItem\",\"position\":1,\"name\":\"Home\",\"item\":\"https:\/\/dev.traduzca.studio.nous.biz\/\"},{\"@type\":\"ListItem\",\"position\":2,\"name\":\"Cidadania Italiana\"}]},{\"@type\":\"WebSite\",\"@id\":\"https:\/\/dev.traduzca.studio.nous.biz\/#website\",\"url\":\"https:\/\/dev.traduzca.studio.nous.biz\/\",\"name\":\"Traduzca\",\"description\":\"A Traduzca conecta voc\u00ea a tradutores nativos com expertise t\u00e9cnica. Qualidade, sigilo e pontualidade para romper as barreiras do seu neg\u00f3cio.\",\"publisher\":{\"@id\":\"https:\/\/dev.traduzca.studio.nous.biz\/#organization\"},\"potentialAction\":[{\"@type\":\"SearchAction\",\"target\":{\"@type\":\"EntryPoint\",\"urlTemplate\":\"https:\/\/dev.traduzca.studio.nous.biz\/?s={search_term_string}\"},\"query-input\":{\"@type\":\"PropertyValueSpecification\",\"valueRequired\":true,\"valueName\":\"search_term_string\"}}],\"inLanguage\":\"en-US\"},{\"@type\":\"Organization\",\"@id\":\"https:\/\/dev.traduzca.studio.nous.biz\/#organization\",\"name\":\"Traduzca\",\"url\":\"https:\/\/dev.traduzca.studio.nous.biz\/\",\"logo\":{\"@type\":\"ImageObject\",\"inLanguage\":\"en-US\",\"@id\":\"https:\/\/dev.traduzca.studio.nous.biz\/#\/schema\/logo\/image\/\",\"url\":\"https:\/\/dev.traduzca.studio.nous.biz\/wp-content\/uploads\/2026\/02\/cropped-favicon.png\",\"contentUrl\":\"https:\/\/dev.traduzca.studio.nous.biz\/wp-content\/uploads\/2026\/02\/cropped-favicon.png\",\"width\":97,\"height\":94,\"caption\":\"Traduzca\"},\"image\":{\"@id\":\"https:\/\/dev.traduzca.studio.nous.biz\/#\/schema\/logo\/image\/\"},\"sameAs\":[\"https:\/\/www.facebook.com\/traduzca\"]}]}<\/script>\n<!-- \/ Yoast SEO plugin. -->","yoast_head_json":{"title":"Cidadania Italiana - Traduzca","robots":{"index":"index","follow":"follow","max-snippet":"max-snippet:-1","max-image-preview":"max-image-preview:large","max-video-preview":"max-video-preview:-1"},"canonical":"https:\/\/dev.traduzca.studio.nous.biz\/en\/italian-citizenship\/","og_locale":"en_US","og_type":"article","og_title":"Cidadania Italiana - Traduzca","og_description":"Cidadania Italiana PE\u00c7A UM OR\u00c7AMENTO AGORA A tradu\u00e7\u00e3o juramentada em italiano \u00e9 um servi\u00e7o necess\u00e1rio ao longo do processo para a obten\u00e7\u00e3o da cidadania italiana. A Traduzca disp\u00f5e de tradutor juramentado em italiano para atender a sua demanda. Quem tem direito \u00e0 cidadania italiana?A cidadania italiana \u00e9 conquistada atrav\u00e9s do princ\u00edpio jus sanguinis (direito de [&hellip;]","og_url":"https:\/\/dev.traduzca.studio.nous.biz\/en\/italian-citizenship\/","og_site_name":"Traduzca","article_publisher":"https:\/\/www.facebook.com\/traduzca","article_modified_time":"2026-02-05T20:17:38+00:00","og_image":[{"url":"https:\/\/dev.traduzca.studio.nous.biz\/wp-content\/uploads\/2026\/01\/carousel-04-1024x683.jpg","type":"","width":"","height":""}],"twitter_card":"summary_large_image","twitter_misc":{"Est. reading time":"2 minutes"},"schema":{"@context":"https:\/\/schema.org","@graph":[{"@type":"WebPage","@id":"https:\/\/dev.traduzca.studio.nous.biz\/cidadania-italiana\/","url":"https:\/\/dev.traduzca.studio.nous.biz\/cidadania-italiana\/","name":"Cidadania Italiana - Traduzca","isPartOf":{"@id":"https:\/\/dev.traduzca.studio.nous.biz\/#website"},"primaryImageOfPage":{"@id":"https:\/\/dev.traduzca.studio.nous.biz\/cidadania-italiana\/#primaryimage"},"image":{"@id":"https:\/\/dev.traduzca.studio.nous.biz\/cidadania-italiana\/#primaryimage"},"thumbnailUrl":"https:\/\/dev.traduzca.studio.nous.biz\/wp-content\/uploads\/2026\/01\/carousel-04-1024x683.jpg","datePublished":"2026-01-07T00:03:24+00:00","dateModified":"2026-02-05T20:17:38+00:00","breadcrumb":{"@id":"https:\/\/dev.traduzca.studio.nous.biz\/cidadania-italiana\/#breadcrumb"},"inLanguage":"en-US","potentialAction":[{"@type":"ReadAction","target":["https:\/\/dev.traduzca.studio.nous.biz\/cidadania-italiana\/"]}]},{"@type":"ImageObject","inLanguage":"en-US","@id":"https:\/\/dev.traduzca.studio.nous.biz\/cidadania-italiana\/#primaryimage","url":"https:\/\/dev.traduzca.studio.nous.biz\/wp-content\/uploads\/2026\/01\/carousel-04-1024x683.jpg","contentUrl":"https:\/\/dev.traduzca.studio.nous.biz\/wp-content\/uploads\/2026\/01\/carousel-04-1024x683.jpg"},{"@type":"BreadcrumbList","@id":"https:\/\/dev.traduzca.studio.nous.biz\/cidadania-italiana\/#breadcrumb","itemListElement":[{"@type":"ListItem","position":1,"name":"Home","item":"https:\/\/dev.traduzca.studio.nous.biz\/"},{"@type":"ListItem","position":2,"name":"Cidadania Italiana"}]},{"@type":"WebSite","@id":"https:\/\/dev.traduzca.studio.nous.biz\/#website","url":"https:\/\/dev.traduzca.studio.nous.biz\/","name":"Traduzca","description":"Traduzca connects you with native translators with technical expertise. Quality, confidentiality, and on-time delivery to break down the barriers of your business.","publisher":{"@id":"https:\/\/dev.traduzca.studio.nous.biz\/#organization"},"potentialAction":[{"@type":"SearchAction","target":{"@type":"EntryPoint","urlTemplate":"https:\/\/dev.traduzca.studio.nous.biz\/?s={search_term_string}"},"query-input":{"@type":"PropertyValueSpecification","valueRequired":true,"valueName":"search_term_string"}}],"inLanguage":"en-US"},{"@type":"Organization","@id":"https:\/\/dev.traduzca.studio.nous.biz\/#organization","name":"Traduzca","url":"https:\/\/dev.traduzca.studio.nous.biz\/","logo":{"@type":"ImageObject","inLanguage":"en-US","@id":"https:\/\/dev.traduzca.studio.nous.biz\/#\/schema\/logo\/image\/","url":"https:\/\/dev.traduzca.studio.nous.biz\/wp-content\/uploads\/2026\/02\/cropped-favicon.png","contentUrl":"https:\/\/dev.traduzca.studio.nous.biz\/wp-content\/uploads\/2026\/02\/cropped-favicon.png","width":97,"height":94,"caption":"Traduzca"},"image":{"@id":"https:\/\/dev.traduzca.studio.nous.biz\/#\/schema\/logo\/image\/"},"sameAs":["https:\/\/www.facebook.com\/traduzca"]}]}},"_links":{"self":[{"href":"https:\/\/dev.traduzca.studio.nous.biz\/en\/wp-json\/wp\/v2\/pages\/799","targetHints":{"allow":["GET"]}}],"collection":[{"href":"https:\/\/dev.traduzca.studio.nous.biz\/en\/wp-json\/wp\/v2\/pages"}],"about":[{"href":"https:\/\/dev.traduzca.studio.nous.biz\/en\/wp-json\/wp\/v2\/types\/page"}],"author":[{"embeddable":true,"href":"https:\/\/dev.traduzca.studio.nous.biz\/en\/wp-json\/wp\/v2\/users\/1"}],"replies":[{"embeddable":true,"href":"https:\/\/dev.traduzca.studio.nous.biz\/en\/wp-json\/wp\/v2\/comments?post=799"}],"version-history":[{"count":25,"href":"https:\/\/dev.traduzca.studio.nous.biz\/en\/wp-json\/wp\/v2\/pages\/799\/revisions"}],"predecessor-version":[{"id":2189,"href":"https:\/\/dev.traduzca.studio.nous.biz\/en\/wp-json\/wp\/v2\/pages\/799\/revisions\/2189"}],"wp:attachment":[{"href":"https:\/\/dev.traduzca.studio.nous.biz\/en\/wp-json\/wp\/v2\/media?parent=799"}],"curies":[{"name":"wp","href":"https:\/\/api.w.org\/{rel}","templated":true}]}}