{"id":838,"date":"2026-01-07T11:38:09","date_gmt":"2026-01-07T11:38:09","guid":{"rendered":"https:\/\/dev.traduzca.studio.nous.biz\/?page_id=838"},"modified":"2026-02-05T20:24:24","modified_gmt":"2026-02-05T20:24:24","slug":"documentos-personales","status":"publish","type":"page","link":"https:\/\/dev.traduzca.studio.nous.biz\/es\/documentos-personales\/","title":{"rendered":"Documentos Personales"},"content":{"rendered":"<div data-elementor-type=\"wp-page\" data-elementor-id=\"838\" class=\"elementor elementor-838\" data-elementor-post-type=\"page\">\n\t\t\t\t<div class=\"elementor-element elementor-element-7b9538f e-flex e-con-boxed e-con e-parent\" data-id=\"7b9538f\" data-element_type=\"container\" data-e-type=\"container\">\n\t\t\t\t\t<div class=\"e-con-inner\">\n\t\t<div class=\"elementor-element elementor-element-9007605 e-con-full e-flex e-con e-child\" data-id=\"9007605\" data-element_type=\"container\" data-e-type=\"container\">\n\t\t\t\t<div class=\"elementor-element elementor-element-c08d7d2 elementor-widget elementor-widget-heading\" data-id=\"c08d7d2\" data-element_type=\"widget\" data-e-type=\"widget\" data-widget_type=\"heading.default\">\n\t\t\t\t\t<h2 class=\"elementor-heading-title elementor-size-default\">Documentos<span style=\"color: blue\"> Personales<\/span><\/h2>\t\t\t\t<\/div>\n\t\t\t\t<\/div>\n\t\t<div class=\"elementor-element elementor-element-e543e28 e-con-full e-grid e-con e-child\" data-id=\"e543e28\" data-element_type=\"container\" data-e-type=\"container\">\n\t\t<div class=\"elementor-element elementor-element-d8f036b e-con-full e-flex e-con e-child\" data-id=\"d8f036b\" data-element_type=\"container\" data-e-type=\"container\">\n\t\t\t\t<div class=\"elementor-element elementor-element-76e1629 elementor-widget elementor-widget-image\" data-id=\"76e1629\" data-element_type=\"widget\" data-e-type=\"widget\" data-widget_type=\"image.default\">\n\t\t\t\t\t\t\t\t\t\t\t\t\t\t\t<img fetchpriority=\"high\" decoding=\"async\" width=\"800\" height=\"534\" src=\"https:\/\/dev.traduzca.studio.nous.biz\/wp-content\/uploads\/2026\/02\/Traducao-documentos-pessoais-traduzca-1024x683.jpg\" class=\"attachment-large size-large wp-image-2193\" alt=\"\" srcset=\"https:\/\/dev.traduzca.studio.nous.biz\/wp-content\/uploads\/2026\/02\/Traducao-documentos-pessoais-traduzca-1024x683.jpg 1024w, https:\/\/dev.traduzca.studio.nous.biz\/wp-content\/uploads\/2026\/02\/Traducao-documentos-pessoais-traduzca-300x200.jpg 300w, https:\/\/dev.traduzca.studio.nous.biz\/wp-content\/uploads\/2026\/02\/Traducao-documentos-pessoais-traduzca-768x512.jpg 768w, https:\/\/dev.traduzca.studio.nous.biz\/wp-content\/uploads\/2026\/02\/Traducao-documentos-pessoais-traduzca-1536x1024.jpg 1536w, https:\/\/dev.traduzca.studio.nous.biz\/wp-content\/uploads\/2026\/02\/Traducao-documentos-pessoais-traduzca-2048x1365.jpg 2048w, https:\/\/dev.traduzca.studio.nous.biz\/wp-content\/uploads\/2026\/02\/Traducao-documentos-pessoais-traduzca-18x12.jpg 18w\" sizes=\"(max-width: 800px) 100vw, 800px\" \/>\t\t\t\t\t\t\t\t\t\t\t\t\t\t\t<\/div>\n\t\t\t\t<div class=\"elementor-element elementor-element-4405f5d elementor-widget__width-initial elementor-widget elementor-widget-button\" data-id=\"4405f5d\" data-element_type=\"widget\" data-e-type=\"widget\" data-widget_type=\"button.default\">\n\t\t\t\t\t\t\t\t\t\t<a class=\"elementor-button elementor-button-link elementor-size-sm\" href=\"\/es\/home\/#form-orcamento-hero\">\n\t\t\t\t\t\t<span class=\"elementor-button-content-wrapper\">\n\t\t\t\t\t\t\t\t\t<span class=\"elementor-button-text\">PIDA UN PRESUPUESTO AHORA MISMO<\/span>\n\t\t\t\t\t<\/span>\n\t\t\t\t\t<\/a>\n\t\t\t\t\t\t\t\t<\/div>\n\t\t\t\t<\/div>\n\t\t<div class=\"elementor-element elementor-element-1584264 e-con-full e-flex e-con e-child\" data-id=\"1584264\" data-element_type=\"container\" data-e-type=\"container\">\n\t\t\t\t<div class=\"elementor-element elementor-element-348f76c elementor-widget elementor-widget-text-editor\" data-id=\"348f76c\" data-element_type=\"widget\" data-e-type=\"widget\" data-widget_type=\"text-editor.default\">\n\t\t\t\t\t\t\t\t\t<p>El servicio de traducci\u00f3n de Documentos Personales est\u00e1 dise\u00f1ado para quienes necesitan presentar documentos oficiales con plena confianza en el extranjero. Realizamos la traducci\u00f3n de documentos de identidad, permisos de conducir y pasaportes con absoluta fidelidad a los datos originales, respetando los formatos, nomenclaturas y normas exigidos por organismos e instituciones internacionales.<\/p><p>Tratamos cada documento con el m\u00e1ximo cuidado, siguiendo criterios t\u00e9cnicos que garantizan claridad, precisi\u00f3n y validez para diferentes fines, como procesos de inmigraci\u00f3n, estudios, trabajo o apertura de registros en el extranjero. Nuestro compromiso es evitar inconsistencias que puedan generar dudas, retrasos o requisitos adicionales durante el an\u00e1lisis.<\/p><p>Con una actuaci\u00f3n profesional y segura, brindamos tranquilidad en momentos decisivos. Usted cuenta con un servicio confiable, confidencial y acorde con los requisitos internacionales, lo que asegura que sus documentos personales est\u00e9n listos para abrir puertas y facilitar nuevos caminos fuera de Brasil.<\/p>\t\t\t\t\t\t\t\t<\/div>\n\t\t\t\t<\/div>\n\t\t\t\t<\/div>\n\t\t\t\t\t<\/div>\n\t\t\t\t<\/div>\n\t\t\t\t<\/div>","protected":false},"excerpt":{"rendered":"<p>Documentos Pessoais PE\u00c7A UM OR\u00c7AMENTO AGORA O servi\u00e7o de tradu\u00e7\u00e3o de Documentos Pessoais foi pensado para quem precisa apresentar informa\u00e7\u00f5es oficiais com total confiabilidade fora do pa\u00eds. Realizamos a tradu\u00e7\u00e3o de RG, CNH e passaportes com absoluta fidelidade aos dados originais, respeitando formata\u00e7\u00f5es, nomenclaturas e padr\u00f5es exigidos por \u00f3rg\u00e3os e institui\u00e7\u00f5es internacionais. Cada documento \u00e9 [&hellip;]<\/p>","protected":false},"author":1,"featured_media":0,"parent":0,"menu_order":0,"comment_status":"closed","ping_status":"closed","template":"","meta":{"_acf_changed":false,"footnotes":""},"class_list":["post-838","page","type-page","status-publish","hentry"],"acf":[],"yoast_head":"<!-- This site is optimized with the Yoast SEO plugin v26.9 - https:\/\/yoast.com\/product\/yoast-seo-wordpress\/ -->\n<title>Documentos Pessoais - Traduzca<\/title>\n<meta name=\"robots\" content=\"index, follow, max-snippet:-1, max-image-preview:large, max-video-preview:-1\" \/>\n<link rel=\"canonical\" href=\"https:\/\/dev.traduzca.studio.nous.biz\/es\/documentos-personales\/\" \/>\n<meta property=\"og:locale\" content=\"es_ES\" \/>\n<meta property=\"og:type\" content=\"article\" \/>\n<meta property=\"og:title\" content=\"Documentos Pessoais - Traduzca\" \/>\n<meta property=\"og:description\" content=\"Documentos Pessoais PE\u00c7A UM OR\u00c7AMENTO AGORA O servi\u00e7o de tradu\u00e7\u00e3o de Documentos Pessoais foi pensado para quem precisa apresentar informa\u00e7\u00f5es oficiais com total confiabilidade fora do pa\u00eds. Realizamos a tradu\u00e7\u00e3o de RG, CNH e passaportes com absoluta fidelidade aos dados originais, respeitando formata\u00e7\u00f5es, nomenclaturas e padr\u00f5es exigidos por \u00f3rg\u00e3os e institui\u00e7\u00f5es internacionais. Cada documento \u00e9 [&hellip;]\" \/>\n<meta property=\"og:url\" content=\"https:\/\/dev.traduzca.studio.nous.biz\/es\/documentos-personales\/\" \/>\n<meta property=\"og:site_name\" content=\"Traduzca\" \/>\n<meta property=\"article:publisher\" content=\"https:\/\/www.facebook.com\/traduzca\" \/>\n<meta property=\"article:modified_time\" content=\"2026-02-05T20:24:24+00:00\" \/>\n<meta property=\"og:image\" content=\"https:\/\/dev.traduzca.studio.nous.biz\/wp-content\/uploads\/2026\/02\/Traducao-documentos-pessoais-traduzca-1024x683.jpg\" \/>\n<meta name=\"twitter:card\" content=\"summary_large_image\" \/>\n<meta name=\"twitter:label1\" content=\"Tiempo de lectura\" \/>\n\t<meta name=\"twitter:data1\" content=\"1 minuto\" \/>\n<script type=\"application\/ld+json\" class=\"yoast-schema-graph\">{\"@context\":\"https:\/\/schema.org\",\"@graph\":[{\"@type\":\"WebPage\",\"@id\":\"https:\/\/dev.traduzca.studio.nous.biz\/documentos-pessoais\/\",\"url\":\"https:\/\/dev.traduzca.studio.nous.biz\/documentos-pessoais\/\",\"name\":\"Documentos Pessoais - Traduzca\",\"isPartOf\":{\"@id\":\"https:\/\/dev.traduzca.studio.nous.biz\/#website\"},\"primaryImageOfPage\":{\"@id\":\"https:\/\/dev.traduzca.studio.nous.biz\/documentos-pessoais\/#primaryimage\"},\"image\":{\"@id\":\"https:\/\/dev.traduzca.studio.nous.biz\/documentos-pessoais\/#primaryimage\"},\"thumbnailUrl\":\"https:\/\/dev.traduzca.studio.nous.biz\/wp-content\/uploads\/2026\/02\/Traducao-documentos-pessoais-traduzca-1024x683.jpg\",\"datePublished\":\"2026-01-07T11:38:09+00:00\",\"dateModified\":\"2026-02-05T20:24:24+00:00\",\"breadcrumb\":{\"@id\":\"https:\/\/dev.traduzca.studio.nous.biz\/documentos-pessoais\/#breadcrumb\"},\"inLanguage\":\"es\",\"potentialAction\":[{\"@type\":\"ReadAction\",\"target\":[\"https:\/\/dev.traduzca.studio.nous.biz\/documentos-pessoais\/\"]}]},{\"@type\":\"ImageObject\",\"inLanguage\":\"es\",\"@id\":\"https:\/\/dev.traduzca.studio.nous.biz\/documentos-pessoais\/#primaryimage\",\"url\":\"https:\/\/dev.traduzca.studio.nous.biz\/wp-content\/uploads\/2026\/02\/Traducao-documentos-pessoais-traduzca-1024x683.jpg\",\"contentUrl\":\"https:\/\/dev.traduzca.studio.nous.biz\/wp-content\/uploads\/2026\/02\/Traducao-documentos-pessoais-traduzca-1024x683.jpg\"},{\"@type\":\"BreadcrumbList\",\"@id\":\"https:\/\/dev.traduzca.studio.nous.biz\/documentos-pessoais\/#breadcrumb\",\"itemListElement\":[{\"@type\":\"ListItem\",\"position\":1,\"name\":\"Home\",\"item\":\"https:\/\/dev.traduzca.studio.nous.biz\/\"},{\"@type\":\"ListItem\",\"position\":2,\"name\":\"Documentos Pessoais\"}]},{\"@type\":\"WebSite\",\"@id\":\"https:\/\/dev.traduzca.studio.nous.biz\/#website\",\"url\":\"https:\/\/dev.traduzca.studio.nous.biz\/\",\"name\":\"Traduzca\",\"description\":\"A Traduzca conecta voc\u00ea a tradutores nativos com expertise t\u00e9cnica. Qualidade, sigilo e pontualidade para romper as barreiras do seu neg\u00f3cio.\",\"publisher\":{\"@id\":\"https:\/\/dev.traduzca.studio.nous.biz\/#organization\"},\"potentialAction\":[{\"@type\":\"SearchAction\",\"target\":{\"@type\":\"EntryPoint\",\"urlTemplate\":\"https:\/\/dev.traduzca.studio.nous.biz\/?s={search_term_string}\"},\"query-input\":{\"@type\":\"PropertyValueSpecification\",\"valueRequired\":true,\"valueName\":\"search_term_string\"}}],\"inLanguage\":\"es\"},{\"@type\":\"Organization\",\"@id\":\"https:\/\/dev.traduzca.studio.nous.biz\/#organization\",\"name\":\"Traduzca\",\"url\":\"https:\/\/dev.traduzca.studio.nous.biz\/\",\"logo\":{\"@type\":\"ImageObject\",\"inLanguage\":\"es\",\"@id\":\"https:\/\/dev.traduzca.studio.nous.biz\/#\/schema\/logo\/image\/\",\"url\":\"https:\/\/dev.traduzca.studio.nous.biz\/wp-content\/uploads\/2026\/02\/cropped-favicon.png\",\"contentUrl\":\"https:\/\/dev.traduzca.studio.nous.biz\/wp-content\/uploads\/2026\/02\/cropped-favicon.png\",\"width\":97,\"height\":94,\"caption\":\"Traduzca\"},\"image\":{\"@id\":\"https:\/\/dev.traduzca.studio.nous.biz\/#\/schema\/logo\/image\/\"},\"sameAs\":[\"https:\/\/www.facebook.com\/traduzca\"]}]}<\/script>\n<!-- \/ Yoast SEO plugin. -->","yoast_head_json":{"title":"Documentos Pessoais - Traduzca","robots":{"index":"index","follow":"follow","max-snippet":"max-snippet:-1","max-image-preview":"max-image-preview:large","max-video-preview":"max-video-preview:-1"},"canonical":"https:\/\/dev.traduzca.studio.nous.biz\/es\/documentos-personales\/","og_locale":"es_ES","og_type":"article","og_title":"Documentos Pessoais - Traduzca","og_description":"Documentos Pessoais PE\u00c7A UM OR\u00c7AMENTO AGORA O servi\u00e7o de tradu\u00e7\u00e3o de Documentos Pessoais foi pensado para quem precisa apresentar informa\u00e7\u00f5es oficiais com total confiabilidade fora do pa\u00eds. Realizamos a tradu\u00e7\u00e3o de RG, CNH e passaportes com absoluta fidelidade aos dados originais, respeitando formata\u00e7\u00f5es, nomenclaturas e padr\u00f5es exigidos por \u00f3rg\u00e3os e institui\u00e7\u00f5es internacionais. Cada documento \u00e9 [&hellip;]","og_url":"https:\/\/dev.traduzca.studio.nous.biz\/es\/documentos-personales\/","og_site_name":"Traduzca","article_publisher":"https:\/\/www.facebook.com\/traduzca","article_modified_time":"2026-02-05T20:24:24+00:00","og_image":[{"url":"https:\/\/dev.traduzca.studio.nous.biz\/wp-content\/uploads\/2026\/02\/Traducao-documentos-pessoais-traduzca-1024x683.jpg","type":"","width":"","height":""}],"twitter_card":"summary_large_image","twitter_misc":{"Tiempo de lectura":"1 minuto"},"schema":{"@context":"https:\/\/schema.org","@graph":[{"@type":"WebPage","@id":"https:\/\/dev.traduzca.studio.nous.biz\/documentos-pessoais\/","url":"https:\/\/dev.traduzca.studio.nous.biz\/documentos-pessoais\/","name":"Documentos Pessoais - Traduzca","isPartOf":{"@id":"https:\/\/dev.traduzca.studio.nous.biz\/#website"},"primaryImageOfPage":{"@id":"https:\/\/dev.traduzca.studio.nous.biz\/documentos-pessoais\/#primaryimage"},"image":{"@id":"https:\/\/dev.traduzca.studio.nous.biz\/documentos-pessoais\/#primaryimage"},"thumbnailUrl":"https:\/\/dev.traduzca.studio.nous.biz\/wp-content\/uploads\/2026\/02\/Traducao-documentos-pessoais-traduzca-1024x683.jpg","datePublished":"2026-01-07T11:38:09+00:00","dateModified":"2026-02-05T20:24:24+00:00","breadcrumb":{"@id":"https:\/\/dev.traduzca.studio.nous.biz\/documentos-pessoais\/#breadcrumb"},"inLanguage":"es","potentialAction":[{"@type":"ReadAction","target":["https:\/\/dev.traduzca.studio.nous.biz\/documentos-pessoais\/"]}]},{"@type":"ImageObject","inLanguage":"es","@id":"https:\/\/dev.traduzca.studio.nous.biz\/documentos-pessoais\/#primaryimage","url":"https:\/\/dev.traduzca.studio.nous.biz\/wp-content\/uploads\/2026\/02\/Traducao-documentos-pessoais-traduzca-1024x683.jpg","contentUrl":"https:\/\/dev.traduzca.studio.nous.biz\/wp-content\/uploads\/2026\/02\/Traducao-documentos-pessoais-traduzca-1024x683.jpg"},{"@type":"BreadcrumbList","@id":"https:\/\/dev.traduzca.studio.nous.biz\/documentos-pessoais\/#breadcrumb","itemListElement":[{"@type":"ListItem","position":1,"name":"Home","item":"https:\/\/dev.traduzca.studio.nous.biz\/"},{"@type":"ListItem","position":2,"name":"Documentos Pessoais"}]},{"@type":"WebSite","@id":"https:\/\/dev.traduzca.studio.nous.biz\/#website","url":"https:\/\/dev.traduzca.studio.nous.biz\/","name":"Traduzca","description":"Traduzca lo conecta con traductores nativos con experiencia t\u00e9cnica. Calidad, confidencialidad y puntualidad para derribar las barreras de su negocio.","publisher":{"@id":"https:\/\/dev.traduzca.studio.nous.biz\/#organization"},"potentialAction":[{"@type":"SearchAction","target":{"@type":"EntryPoint","urlTemplate":"https:\/\/dev.traduzca.studio.nous.biz\/?s={search_term_string}"},"query-input":{"@type":"PropertyValueSpecification","valueRequired":true,"valueName":"search_term_string"}}],"inLanguage":"es"},{"@type":"Organization","@id":"https:\/\/dev.traduzca.studio.nous.biz\/#organization","name":"Traduzca","url":"https:\/\/dev.traduzca.studio.nous.biz\/","logo":{"@type":"ImageObject","inLanguage":"es","@id":"https:\/\/dev.traduzca.studio.nous.biz\/#\/schema\/logo\/image\/","url":"https:\/\/dev.traduzca.studio.nous.biz\/wp-content\/uploads\/2026\/02\/cropped-favicon.png","contentUrl":"https:\/\/dev.traduzca.studio.nous.biz\/wp-content\/uploads\/2026\/02\/cropped-favicon.png","width":97,"height":94,"caption":"Traduzca"},"image":{"@id":"https:\/\/dev.traduzca.studio.nous.biz\/#\/schema\/logo\/image\/"},"sameAs":["https:\/\/www.facebook.com\/traduzca"]}]}},"_links":{"self":[{"href":"https:\/\/dev.traduzca.studio.nous.biz\/es\/wp-json\/wp\/v2\/pages\/838","targetHints":{"allow":["GET"]}}],"collection":[{"href":"https:\/\/dev.traduzca.studio.nous.biz\/es\/wp-json\/wp\/v2\/pages"}],"about":[{"href":"https:\/\/dev.traduzca.studio.nous.biz\/es\/wp-json\/wp\/v2\/types\/page"}],"author":[{"embeddable":true,"href":"https:\/\/dev.traduzca.studio.nous.biz\/es\/wp-json\/wp\/v2\/users\/1"}],"replies":[{"embeddable":true,"href":"https:\/\/dev.traduzca.studio.nous.biz\/es\/wp-json\/wp\/v2\/comments?post=838"}],"version-history":[{"count":10,"href":"https:\/\/dev.traduzca.studio.nous.biz\/es\/wp-json\/wp\/v2\/pages\/838\/revisions"}],"predecessor-version":[{"id":2196,"href":"https:\/\/dev.traduzca.studio.nous.biz\/es\/wp-json\/wp\/v2\/pages\/838\/revisions\/2196"}],"wp:attachment":[{"href":"https:\/\/dev.traduzca.studio.nous.biz\/es\/wp-json\/wp\/v2\/media?parent=838"}],"curies":[{"name":"wp","href":"https:\/\/api.w.org\/{rel}","templated":true}]}}