{"id":864,"date":"2026-01-07T11:51:22","date_gmt":"2026-01-07T11:51:22","guid":{"rendered":"https:\/\/dev.traduzca.studio.nous.biz\/?page_id=864"},"modified":"2026-02-05T20:49:49","modified_gmt":"2026-02-05T20:49:49","slug":"manuales-tecnicos","status":"publish","type":"page","link":"https:\/\/dev.traduzca.studio.nous.biz\/es\/manuales-tecnicos\/","title":{"rendered":"Manuales T\u00e9cnicos"},"content":{"rendered":"<div data-elementor-type=\"wp-page\" data-elementor-id=\"864\" class=\"elementor elementor-864\" data-elementor-post-type=\"page\">\n\t\t\t\t<div class=\"elementor-element elementor-element-a75bf91 e-flex e-con-boxed e-con e-parent\" data-id=\"a75bf91\" data-element_type=\"container\" data-e-type=\"container\">\n\t\t\t\t\t<div class=\"e-con-inner\">\n\t\t<div class=\"elementor-element elementor-element-50cb931 e-con-full e-flex e-con e-child\" data-id=\"50cb931\" data-element_type=\"container\" data-e-type=\"container\">\n\t\t\t\t<div class=\"elementor-element elementor-element-a3a6371 elementor-widget elementor-widget-heading\" data-id=\"a3a6371\" data-element_type=\"widget\" data-e-type=\"widget\" data-widget_type=\"heading.default\">\n\t\t\t\t\t<h2 class=\"elementor-heading-title elementor-size-default\">Manuales<span style=\"color: blue\"> T\u00e9cnicos<\/span><\/h2>\t\t\t\t<\/div>\n\t\t\t\t<\/div>\n\t\t<div class=\"elementor-element elementor-element-acbc86b e-con-full e-grid e-con e-child\" data-id=\"acbc86b\" data-element_type=\"container\" data-e-type=\"container\">\n\t\t<div class=\"elementor-element elementor-element-bd63ba8 e-con-full e-flex e-con e-child\" data-id=\"bd63ba8\" data-element_type=\"container\" data-e-type=\"container\">\n\t\t\t\t<div class=\"elementor-element elementor-element-7b6876d elementor-widget elementor-widget-image\" data-id=\"7b6876d\" data-element_type=\"widget\" data-e-type=\"widget\" data-widget_type=\"image.default\">\n\t\t\t\t\t\t\t\t\t\t\t\t\t\t\t<img fetchpriority=\"high\" decoding=\"async\" width=\"800\" height=\"534\" src=\"https:\/\/dev.traduzca.studio.nous.biz\/wp-content\/uploads\/2026\/02\/Traducoes-tecnicas-traduzca-1024x683.jpg\" class=\"attachment-large size-large wp-image-2210\" alt=\"\" srcset=\"https:\/\/dev.traduzca.studio.nous.biz\/wp-content\/uploads\/2026\/02\/Traducoes-tecnicas-traduzca-1024x683.jpg 1024w, https:\/\/dev.traduzca.studio.nous.biz\/wp-content\/uploads\/2026\/02\/Traducoes-tecnicas-traduzca-300x200.jpg 300w, https:\/\/dev.traduzca.studio.nous.biz\/wp-content\/uploads\/2026\/02\/Traducoes-tecnicas-traduzca-768x512.jpg 768w, https:\/\/dev.traduzca.studio.nous.biz\/wp-content\/uploads\/2026\/02\/Traducoes-tecnicas-traduzca-1536x1024.jpg 1536w, https:\/\/dev.traduzca.studio.nous.biz\/wp-content\/uploads\/2026\/02\/Traducoes-tecnicas-traduzca-2048x1366.jpg 2048w, https:\/\/dev.traduzca.studio.nous.biz\/wp-content\/uploads\/2026\/02\/Traducoes-tecnicas-traduzca-18x12.jpg 18w\" sizes=\"(max-width: 800px) 100vw, 800px\" \/>\t\t\t\t\t\t\t\t\t\t\t\t\t\t\t<\/div>\n\t\t\t\t<div class=\"elementor-element elementor-element-2516b9c elementor-widget__width-initial elementor-widget elementor-widget-button\" data-id=\"2516b9c\" data-element_type=\"widget\" data-e-type=\"widget\" data-widget_type=\"button.default\">\n\t\t\t\t\t\t\t\t\t\t<a class=\"elementor-button elementor-button-link elementor-size-sm\" href=\"\/es\/home\/#form-orcamento-hero\">\n\t\t\t\t\t\t<span class=\"elementor-button-content-wrapper\">\n\t\t\t\t\t\t\t\t\t<span class=\"elementor-button-text\">PIDA UN PRESUPUESTO AHORA MISMO<\/span>\n\t\t\t\t\t<\/span>\n\t\t\t\t\t<\/a>\n\t\t\t\t\t\t\t\t<\/div>\n\t\t\t\t<\/div>\n\t\t<div class=\"elementor-element elementor-element-2c152ae e-con-full e-flex e-con e-child\" data-id=\"2c152ae\" data-element_type=\"container\" data-e-type=\"container\">\n\t\t\t\t<div class=\"elementor-element elementor-element-536904b elementor-widget elementor-widget-text-editor\" data-id=\"536904b\" data-element_type=\"widget\" data-e-type=\"widget\" data-widget_type=\"text-editor.default\">\n\t\t\t\t\t\t\t\t\t<p>Ofrecemos un servicio especializado de traducci\u00f3n de manuales t\u00e9cnicos que garantiza fidelidad terminol\u00f3gica, claridad y precisi\u00f3n en cada contenido. Traducimos documentos t\u00e9cnicos con sumo cuidado, preservando el significado original y asegur\u00e1ndonos de que la informaci\u00f3n sea comprendida correctamente por el p\u00fablico objetivo.<\/p><p>Nos dedicamos a la traducci\u00f3n de especificaciones de ingenier\u00eda, documentos de TI y materiales relacionados con maquinaria pesada, respetando siempre las normas t\u00e9cnicas, est\u00e1ndares del sector y glosarios espec\u00edficos. Nuestro proceso cuenta con profesionales con conocimientos t\u00e9cnicos, lo que reduce las ambig\u00fcedades y evita errores cr\u00edticos en instrucciones, procedimientos y requisitos.<\/p><p>Buscamos entregar manuales traducidos que sean claros, funcionales y seguros, y que sirvan de apoyo para la operaci\u00f3n, mantenimiento y capacitaci\u00f3n. Enfocados en la calidad y la coherencia, contribuimos a una comunicaci\u00f3n t\u00e9cnica eficiente entre equipos, mercados y pa\u00edses, fortaleciendo la confiabilidad de sus productos y servicios.<\/p>\t\t\t\t\t\t\t\t<\/div>\n\t\t\t\t<\/div>\n\t\t\t\t<\/div>\n\t\t\t\t\t<\/div>\n\t\t\t\t<\/div>\n\t\t\t\t<\/div>","protected":false},"excerpt":{"rendered":"<p>Manuais T\u00e9cnicos PE\u00c7A UM OR\u00c7AMENTO AGORA Oferecemos um servi\u00e7o especializado de tradu\u00e7\u00e3o de manuais t\u00e9cnicos, garantindo fidelidade terminol\u00f3gica, clareza e precis\u00e3o em cada conte\u00fado. Traduzimos documentos t\u00e9cnicos de forma cuidadosa, preservando o significado original e assegurando que as informa\u00e7\u00f5es sejam compreendidas corretamente pelo p\u00fablico-alvo. Atuamos na tradu\u00e7\u00e3o de especifica\u00e7\u00f5es de engenharia, documentos de TI e [&hellip;]<\/p>","protected":false},"author":1,"featured_media":0,"parent":0,"menu_order":0,"comment_status":"closed","ping_status":"closed","template":"","meta":{"_acf_changed":false,"footnotes":""},"class_list":["post-864","page","type-page","status-publish","hentry"],"acf":[],"yoast_head":"<!-- This site is optimized with the Yoast SEO plugin v26.9 - https:\/\/yoast.com\/product\/yoast-seo-wordpress\/ -->\n<title>Manuais T\u00e9cnicos - Traduzca<\/title>\n<meta name=\"robots\" content=\"index, follow, max-snippet:-1, max-image-preview:large, max-video-preview:-1\" \/>\n<link rel=\"canonical\" href=\"https:\/\/dev.traduzca.studio.nous.biz\/es\/manuales-tecnicos\/\" \/>\n<meta property=\"og:locale\" content=\"es_ES\" \/>\n<meta property=\"og:type\" content=\"article\" \/>\n<meta property=\"og:title\" content=\"Manuais T\u00e9cnicos - Traduzca\" \/>\n<meta property=\"og:description\" content=\"Manuais T\u00e9cnicos PE\u00c7A UM OR\u00c7AMENTO AGORA Oferecemos um servi\u00e7o especializado de tradu\u00e7\u00e3o de manuais t\u00e9cnicos, garantindo fidelidade terminol\u00f3gica, clareza e precis\u00e3o em cada conte\u00fado. Traduzimos documentos t\u00e9cnicos de forma cuidadosa, preservando o significado original e assegurando que as informa\u00e7\u00f5es sejam compreendidas corretamente pelo p\u00fablico-alvo. Atuamos na tradu\u00e7\u00e3o de especifica\u00e7\u00f5es de engenharia, documentos de TI e [&hellip;]\" \/>\n<meta property=\"og:url\" content=\"https:\/\/dev.traduzca.studio.nous.biz\/es\/manuales-tecnicos\/\" \/>\n<meta property=\"og:site_name\" content=\"Traduzca\" \/>\n<meta property=\"article:publisher\" content=\"https:\/\/www.facebook.com\/traduzca\" \/>\n<meta property=\"article:modified_time\" content=\"2026-02-05T20:49:49+00:00\" \/>\n<meta property=\"og:image\" content=\"https:\/\/dev.traduzca.studio.nous.biz\/wp-content\/uploads\/2026\/02\/Traducoes-tecnicas-traduzca-1024x683.jpg\" \/>\n<meta name=\"twitter:card\" content=\"summary_large_image\" \/>\n<meta name=\"twitter:label1\" content=\"Tiempo de lectura\" \/>\n\t<meta name=\"twitter:data1\" content=\"1 minuto\" \/>\n<script type=\"application\/ld+json\" class=\"yoast-schema-graph\">{\"@context\":\"https:\/\/schema.org\",\"@graph\":[{\"@type\":\"WebPage\",\"@id\":\"https:\/\/dev.traduzca.studio.nous.biz\/manuais-tecnicos\/\",\"url\":\"https:\/\/dev.traduzca.studio.nous.biz\/manuais-tecnicos\/\",\"name\":\"Manuais T\u00e9cnicos - Traduzca\",\"isPartOf\":{\"@id\":\"https:\/\/dev.traduzca.studio.nous.biz\/#website\"},\"primaryImageOfPage\":{\"@id\":\"https:\/\/dev.traduzca.studio.nous.biz\/manuais-tecnicos\/#primaryimage\"},\"image\":{\"@id\":\"https:\/\/dev.traduzca.studio.nous.biz\/manuais-tecnicos\/#primaryimage\"},\"thumbnailUrl\":\"https:\/\/dev.traduzca.studio.nous.biz\/wp-content\/uploads\/2026\/02\/Traducoes-tecnicas-traduzca-1024x683.jpg\",\"datePublished\":\"2026-01-07T11:51:22+00:00\",\"dateModified\":\"2026-02-05T20:49:49+00:00\",\"breadcrumb\":{\"@id\":\"https:\/\/dev.traduzca.studio.nous.biz\/manuais-tecnicos\/#breadcrumb\"},\"inLanguage\":\"es\",\"potentialAction\":[{\"@type\":\"ReadAction\",\"target\":[\"https:\/\/dev.traduzca.studio.nous.biz\/manuais-tecnicos\/\"]}]},{\"@type\":\"ImageObject\",\"inLanguage\":\"es\",\"@id\":\"https:\/\/dev.traduzca.studio.nous.biz\/manuais-tecnicos\/#primaryimage\",\"url\":\"https:\/\/dev.traduzca.studio.nous.biz\/wp-content\/uploads\/2026\/02\/Traducoes-tecnicas-traduzca-1024x683.jpg\",\"contentUrl\":\"https:\/\/dev.traduzca.studio.nous.biz\/wp-content\/uploads\/2026\/02\/Traducoes-tecnicas-traduzca-1024x683.jpg\"},{\"@type\":\"BreadcrumbList\",\"@id\":\"https:\/\/dev.traduzca.studio.nous.biz\/manuais-tecnicos\/#breadcrumb\",\"itemListElement\":[{\"@type\":\"ListItem\",\"position\":1,\"name\":\"Home\",\"item\":\"https:\/\/dev.traduzca.studio.nous.biz\/\"},{\"@type\":\"ListItem\",\"position\":2,\"name\":\"Manuais T\u00e9cnicos\"}]},{\"@type\":\"WebSite\",\"@id\":\"https:\/\/dev.traduzca.studio.nous.biz\/#website\",\"url\":\"https:\/\/dev.traduzca.studio.nous.biz\/\",\"name\":\"Traduzca\",\"description\":\"A Traduzca conecta voc\u00ea a tradutores nativos com expertise t\u00e9cnica. Qualidade, sigilo e pontualidade para romper as barreiras do seu neg\u00f3cio.\",\"publisher\":{\"@id\":\"https:\/\/dev.traduzca.studio.nous.biz\/#organization\"},\"potentialAction\":[{\"@type\":\"SearchAction\",\"target\":{\"@type\":\"EntryPoint\",\"urlTemplate\":\"https:\/\/dev.traduzca.studio.nous.biz\/?s={search_term_string}\"},\"query-input\":{\"@type\":\"PropertyValueSpecification\",\"valueRequired\":true,\"valueName\":\"search_term_string\"}}],\"inLanguage\":\"es\"},{\"@type\":\"Organization\",\"@id\":\"https:\/\/dev.traduzca.studio.nous.biz\/#organization\",\"name\":\"Traduzca\",\"url\":\"https:\/\/dev.traduzca.studio.nous.biz\/\",\"logo\":{\"@type\":\"ImageObject\",\"inLanguage\":\"es\",\"@id\":\"https:\/\/dev.traduzca.studio.nous.biz\/#\/schema\/logo\/image\/\",\"url\":\"https:\/\/dev.traduzca.studio.nous.biz\/wp-content\/uploads\/2026\/02\/cropped-favicon.png\",\"contentUrl\":\"https:\/\/dev.traduzca.studio.nous.biz\/wp-content\/uploads\/2026\/02\/cropped-favicon.png\",\"width\":97,\"height\":94,\"caption\":\"Traduzca\"},\"image\":{\"@id\":\"https:\/\/dev.traduzca.studio.nous.biz\/#\/schema\/logo\/image\/\"},\"sameAs\":[\"https:\/\/www.facebook.com\/traduzca\"]}]}<\/script>\n<!-- \/ Yoast SEO plugin. -->","yoast_head_json":{"title":"Manuais T\u00e9cnicos - Traduzca","robots":{"index":"index","follow":"follow","max-snippet":"max-snippet:-1","max-image-preview":"max-image-preview:large","max-video-preview":"max-video-preview:-1"},"canonical":"https:\/\/dev.traduzca.studio.nous.biz\/es\/manuales-tecnicos\/","og_locale":"es_ES","og_type":"article","og_title":"Manuais T\u00e9cnicos - Traduzca","og_description":"Manuais T\u00e9cnicos PE\u00c7A UM OR\u00c7AMENTO AGORA Oferecemos um servi\u00e7o especializado de tradu\u00e7\u00e3o de manuais t\u00e9cnicos, garantindo fidelidade terminol\u00f3gica, clareza e precis\u00e3o em cada conte\u00fado. Traduzimos documentos t\u00e9cnicos de forma cuidadosa, preservando o significado original e assegurando que as informa\u00e7\u00f5es sejam compreendidas corretamente pelo p\u00fablico-alvo. Atuamos na tradu\u00e7\u00e3o de especifica\u00e7\u00f5es de engenharia, documentos de TI e [&hellip;]","og_url":"https:\/\/dev.traduzca.studio.nous.biz\/es\/manuales-tecnicos\/","og_site_name":"Traduzca","article_publisher":"https:\/\/www.facebook.com\/traduzca","article_modified_time":"2026-02-05T20:49:49+00:00","og_image":[{"url":"https:\/\/dev.traduzca.studio.nous.biz\/wp-content\/uploads\/2026\/02\/Traducoes-tecnicas-traduzca-1024x683.jpg","type":"","width":"","height":""}],"twitter_card":"summary_large_image","twitter_misc":{"Tiempo de lectura":"1 minuto"},"schema":{"@context":"https:\/\/schema.org","@graph":[{"@type":"WebPage","@id":"https:\/\/dev.traduzca.studio.nous.biz\/manuais-tecnicos\/","url":"https:\/\/dev.traduzca.studio.nous.biz\/manuais-tecnicos\/","name":"Manuais T\u00e9cnicos - Traduzca","isPartOf":{"@id":"https:\/\/dev.traduzca.studio.nous.biz\/#website"},"primaryImageOfPage":{"@id":"https:\/\/dev.traduzca.studio.nous.biz\/manuais-tecnicos\/#primaryimage"},"image":{"@id":"https:\/\/dev.traduzca.studio.nous.biz\/manuais-tecnicos\/#primaryimage"},"thumbnailUrl":"https:\/\/dev.traduzca.studio.nous.biz\/wp-content\/uploads\/2026\/02\/Traducoes-tecnicas-traduzca-1024x683.jpg","datePublished":"2026-01-07T11:51:22+00:00","dateModified":"2026-02-05T20:49:49+00:00","breadcrumb":{"@id":"https:\/\/dev.traduzca.studio.nous.biz\/manuais-tecnicos\/#breadcrumb"},"inLanguage":"es","potentialAction":[{"@type":"ReadAction","target":["https:\/\/dev.traduzca.studio.nous.biz\/manuais-tecnicos\/"]}]},{"@type":"ImageObject","inLanguage":"es","@id":"https:\/\/dev.traduzca.studio.nous.biz\/manuais-tecnicos\/#primaryimage","url":"https:\/\/dev.traduzca.studio.nous.biz\/wp-content\/uploads\/2026\/02\/Traducoes-tecnicas-traduzca-1024x683.jpg","contentUrl":"https:\/\/dev.traduzca.studio.nous.biz\/wp-content\/uploads\/2026\/02\/Traducoes-tecnicas-traduzca-1024x683.jpg"},{"@type":"BreadcrumbList","@id":"https:\/\/dev.traduzca.studio.nous.biz\/manuais-tecnicos\/#breadcrumb","itemListElement":[{"@type":"ListItem","position":1,"name":"Home","item":"https:\/\/dev.traduzca.studio.nous.biz\/"},{"@type":"ListItem","position":2,"name":"Manuais T\u00e9cnicos"}]},{"@type":"WebSite","@id":"https:\/\/dev.traduzca.studio.nous.biz\/#website","url":"https:\/\/dev.traduzca.studio.nous.biz\/","name":"Traduzca","description":"Traduzca lo conecta con traductores nativos con experiencia t\u00e9cnica. Calidad, confidencialidad y puntualidad para derribar las barreras de su negocio.","publisher":{"@id":"https:\/\/dev.traduzca.studio.nous.biz\/#organization"},"potentialAction":[{"@type":"SearchAction","target":{"@type":"EntryPoint","urlTemplate":"https:\/\/dev.traduzca.studio.nous.biz\/?s={search_term_string}"},"query-input":{"@type":"PropertyValueSpecification","valueRequired":true,"valueName":"search_term_string"}}],"inLanguage":"es"},{"@type":"Organization","@id":"https:\/\/dev.traduzca.studio.nous.biz\/#organization","name":"Traduzca","url":"https:\/\/dev.traduzca.studio.nous.biz\/","logo":{"@type":"ImageObject","inLanguage":"es","@id":"https:\/\/dev.traduzca.studio.nous.biz\/#\/schema\/logo\/image\/","url":"https:\/\/dev.traduzca.studio.nous.biz\/wp-content\/uploads\/2026\/02\/cropped-favicon.png","contentUrl":"https:\/\/dev.traduzca.studio.nous.biz\/wp-content\/uploads\/2026\/02\/cropped-favicon.png","width":97,"height":94,"caption":"Traduzca"},"image":{"@id":"https:\/\/dev.traduzca.studio.nous.biz\/#\/schema\/logo\/image\/"},"sameAs":["https:\/\/www.facebook.com\/traduzca"]}]}},"_links":{"self":[{"href":"https:\/\/dev.traduzca.studio.nous.biz\/es\/wp-json\/wp\/v2\/pages\/864","targetHints":{"allow":["GET"]}}],"collection":[{"href":"https:\/\/dev.traduzca.studio.nous.biz\/es\/wp-json\/wp\/v2\/pages"}],"about":[{"href":"https:\/\/dev.traduzca.studio.nous.biz\/es\/wp-json\/wp\/v2\/types\/page"}],"author":[{"embeddable":true,"href":"https:\/\/dev.traduzca.studio.nous.biz\/es\/wp-json\/wp\/v2\/users\/1"}],"replies":[{"embeddable":true,"href":"https:\/\/dev.traduzca.studio.nous.biz\/es\/wp-json\/wp\/v2\/comments?post=864"}],"version-history":[{"count":10,"href":"https:\/\/dev.traduzca.studio.nous.biz\/es\/wp-json\/wp\/v2\/pages\/864\/revisions"}],"predecessor-version":[{"id":2213,"href":"https:\/\/dev.traduzca.studio.nous.biz\/es\/wp-json\/wp\/v2\/pages\/864\/revisions\/2213"}],"wp:attachment":[{"href":"https:\/\/dev.traduzca.studio.nous.biz\/es\/wp-json\/wp\/v2\/media?parent=864"}],"curies":[{"name":"wp","href":"https:\/\/api.w.org\/{rel}","templated":true}]}}