{"id":869,"date":"2026-01-07T11:54:26","date_gmt":"2026-01-07T11:54:26","guid":{"rendered":"https:\/\/dev.traduzca.studio.nous.biz\/?page_id=869"},"modified":"2026-02-05T20:59:51","modified_gmt":"2026-02-05T20:59:51","slug":"empresarial","status":"publish","type":"page","link":"https:\/\/dev.traduzca.studio.nous.biz\/es\/empresarial\/","title":{"rendered":"Empresarial"},"content":{"rendered":"<div data-elementor-type=\"wp-page\" data-elementor-id=\"869\" class=\"elementor elementor-869\" data-elementor-post-type=\"page\">\n\t\t\t\t<div class=\"elementor-element elementor-element-cd2c162 e-flex e-con-boxed e-con e-parent\" data-id=\"cd2c162\" data-element_type=\"container\" data-e-type=\"container\">\n\t\t\t\t\t<div class=\"e-con-inner\">\n\t\t<div class=\"elementor-element elementor-element-410adde e-con-full e-flex e-con e-child\" data-id=\"410adde\" data-element_type=\"container\" data-e-type=\"container\">\n\t\t\t\t<div class=\"elementor-element elementor-element-3557921 elementor-widget elementor-widget-heading\" data-id=\"3557921\" data-element_type=\"widget\" data-e-type=\"widget\" data-widget_type=\"heading.default\">\n\t\t\t\t\t<h2 class=\"elementor-heading-title elementor-size-default\">Traducciones<span style=\"color: blue\"> Empresariales<\/span><\/h2>\t\t\t\t<\/div>\n\t\t\t\t<\/div>\n\t\t<div class=\"elementor-element elementor-element-6eb1452 e-con-full e-grid e-con e-child\" data-id=\"6eb1452\" data-element_type=\"container\" data-e-type=\"container\">\n\t\t<div class=\"elementor-element elementor-element-2fb2571 e-con-full e-flex e-con e-child\" data-id=\"2fb2571\" data-element_type=\"container\" data-e-type=\"container\">\n\t\t\t\t<div class=\"elementor-element elementor-element-f6a03f6 elementor-widget elementor-widget-image\" data-id=\"f6a03f6\" data-element_type=\"widget\" data-e-type=\"widget\" data-widget_type=\"image.default\">\n\t\t\t\t\t\t\t\t\t\t\t\t\t\t\t<img fetchpriority=\"high\" decoding=\"async\" width=\"800\" height=\"534\" src=\"https:\/\/dev.traduzca.studio.nous.biz\/wp-content\/uploads\/2026\/02\/Traducao-empresariais-traduzca-1-1024x683.jpg\" class=\"attachment-large size-large wp-image-2221\" alt=\"\" srcset=\"https:\/\/dev.traduzca.studio.nous.biz\/wp-content\/uploads\/2026\/02\/Traducao-empresariais-traduzca-1-1024x683.jpg 1024w, https:\/\/dev.traduzca.studio.nous.biz\/wp-content\/uploads\/2026\/02\/Traducao-empresariais-traduzca-1-300x200.jpg 300w, https:\/\/dev.traduzca.studio.nous.biz\/wp-content\/uploads\/2026\/02\/Traducao-empresariais-traduzca-1-768x512.jpg 768w, https:\/\/dev.traduzca.studio.nous.biz\/wp-content\/uploads\/2026\/02\/Traducao-empresariais-traduzca-1-1536x1024.jpg 1536w, https:\/\/dev.traduzca.studio.nous.biz\/wp-content\/uploads\/2026\/02\/Traducao-empresariais-traduzca-1-2048x1365.jpg 2048w\" sizes=\"(max-width: 800px) 100vw, 800px\" \/>\t\t\t\t\t\t\t\t\t\t\t\t\t\t\t<\/div>\n\t\t\t\t<div class=\"elementor-element elementor-element-991acc8 elementor-widget__width-initial elementor-widget elementor-widget-button\" data-id=\"991acc8\" data-element_type=\"widget\" data-e-type=\"widget\" data-widget_type=\"button.default\">\n\t\t\t\t\t\t\t\t\t\t<a class=\"elementor-button elementor-button-link elementor-size-sm\" href=\"\/es\/home\/#form-orcamento-hero\">\n\t\t\t\t\t\t<span class=\"elementor-button-content-wrapper\">\n\t\t\t\t\t\t\t\t\t<span class=\"elementor-button-text\">PIDA UN PRESUPUESTO AHORA MISMO<\/span>\n\t\t\t\t\t<\/span>\n\t\t\t\t\t<\/a>\n\t\t\t\t\t\t\t\t<\/div>\n\t\t\t\t<\/div>\n\t\t<div class=\"elementor-element elementor-element-eb7bdd0 e-con-full e-flex e-con e-child\" data-id=\"eb7bdd0\" data-element_type=\"container\" data-e-type=\"container\">\n\t\t\t\t<div class=\"elementor-element elementor-element-362c628 elementor-widget elementor-widget-text-editor\" data-id=\"362c628\" data-element_type=\"widget\" data-e-type=\"widget\" data-widget_type=\"text-editor.default\">\n\t\t\t\t\t\t\t\t\t<p>Ofrecemos servicios profesionales de traducci\u00f3n empresarial, centrados en transmitir el mensaje de su marca con claridad, precisi\u00f3n e impacto. Traducimos contenidos corporativos respetando el tono, el p\u00fablico final y los objetivos estrat\u00e9gicos de cada empresa, garantizando una comunicaci\u00f3n eficaz en diferentes mercados.<\/p><p>Nos dedicamos a la traducci\u00f3n de materiales de marketing, presentaciones institucionales y contratos comerciales, cuidando tanto la precisi\u00f3n ling\u00fc\u00edstica como la adaptaci\u00f3n cultural. Nuestro trabajo asegura que propuestas, campa\u00f1as y documentos corporativos mantengan la coherencia, credibilidad y profesionalidad en el idioma de destino.<\/p><p>Con atenci\u00f3n al detalle y confidencialidad, entregamos traducciones empresariales que respaldan negociaciones, fortalecen relaciones comerciales y ampl\u00edan la presencia internacional de su empresa. Nuestro compromiso es facilitar la comunicaci\u00f3n global, favoreciendo el posicionamiento de su negocio con solidez y competitividad.<\/p>\t\t\t\t\t\t\t\t<\/div>\n\t\t\t\t<\/div>\n\t\t\t\t<\/div>\n\t\t\t\t\t<\/div>\n\t\t\t\t<\/div>\n\t\t\t\t<\/div>","protected":false},"excerpt":{"rendered":"<p>Tradu\u00e7\u00f5es Empresariais PE\u00c7A UM OR\u00c7AMENTO AGORA Oferecemos servi\u00e7os profissionais de tradu\u00e7\u00e3o empresarial, focados em transmitir a mensagem da sua marca com clareza, precis\u00e3o e impacto. Traduzimos conte\u00fados corporativos respeitando o tom, o p\u00fablico-alvo e os objetivos estrat\u00e9gicos de cada empresa, garantindo uma comunica\u00e7\u00e3o eficaz em diferentes mercados. Atuamos na tradu\u00e7\u00e3o de materiais de marketing, apresenta\u00e7\u00f5es [&hellip;]<\/p>","protected":false},"author":1,"featured_media":0,"parent":0,"menu_order":0,"comment_status":"closed","ping_status":"closed","template":"","meta":{"_acf_changed":false,"footnotes":""},"class_list":["post-869","page","type-page","status-publish","hentry"],"acf":[],"yoast_head":"<!-- This site is optimized with the Yoast SEO plugin v26.9 - https:\/\/yoast.com\/product\/yoast-seo-wordpress\/ -->\n<title>Empresarial - Traduzca<\/title>\n<meta name=\"robots\" content=\"index, follow, max-snippet:-1, max-image-preview:large, max-video-preview:-1\" \/>\n<link rel=\"canonical\" href=\"https:\/\/dev.traduzca.studio.nous.biz\/es\/empresarial\/\" \/>\n<meta property=\"og:locale\" content=\"es_ES\" \/>\n<meta property=\"og:type\" content=\"article\" \/>\n<meta property=\"og:title\" content=\"Empresarial - Traduzca\" \/>\n<meta property=\"og:description\" content=\"Tradu\u00e7\u00f5es Empresariais PE\u00c7A UM OR\u00c7AMENTO AGORA Oferecemos servi\u00e7os profissionais de tradu\u00e7\u00e3o empresarial, focados em transmitir a mensagem da sua marca com clareza, precis\u00e3o e impacto. Traduzimos conte\u00fados corporativos respeitando o tom, o p\u00fablico-alvo e os objetivos estrat\u00e9gicos de cada empresa, garantindo uma comunica\u00e7\u00e3o eficaz em diferentes mercados. Atuamos na tradu\u00e7\u00e3o de materiais de marketing, apresenta\u00e7\u00f5es [&hellip;]\" \/>\n<meta property=\"og:url\" content=\"https:\/\/dev.traduzca.studio.nous.biz\/es\/empresarial\/\" \/>\n<meta property=\"og:site_name\" content=\"Traduzca\" \/>\n<meta property=\"article:publisher\" content=\"https:\/\/www.facebook.com\/traduzca\" \/>\n<meta property=\"article:modified_time\" content=\"2026-02-05T20:59:51+00:00\" \/>\n<meta property=\"og:image\" content=\"https:\/\/dev.traduzca.studio.nous.biz\/wp-content\/uploads\/2026\/02\/Traducao-empresariais-traduzca-1-1024x683.jpg\" \/>\n<meta name=\"twitter:card\" content=\"summary_large_image\" \/>\n<meta name=\"twitter:label1\" content=\"Tiempo de lectura\" \/>\n\t<meta name=\"twitter:data1\" content=\"1 minuto\" \/>\n<script type=\"application\/ld+json\" class=\"yoast-schema-graph\">{\"@context\":\"https:\/\/schema.org\",\"@graph\":[{\"@type\":\"WebPage\",\"@id\":\"https:\/\/dev.traduzca.studio.nous.biz\/empresarial\/\",\"url\":\"https:\/\/dev.traduzca.studio.nous.biz\/empresarial\/\",\"name\":\"Empresarial - Traduzca\",\"isPartOf\":{\"@id\":\"https:\/\/dev.traduzca.studio.nous.biz\/#website\"},\"primaryImageOfPage\":{\"@id\":\"https:\/\/dev.traduzca.studio.nous.biz\/empresarial\/#primaryimage\"},\"image\":{\"@id\":\"https:\/\/dev.traduzca.studio.nous.biz\/empresarial\/#primaryimage\"},\"thumbnailUrl\":\"https:\/\/dev.traduzca.studio.nous.biz\/wp-content\/uploads\/2026\/02\/Traducao-empresariais-traduzca-1-1024x683.jpg\",\"datePublished\":\"2026-01-07T11:54:26+00:00\",\"dateModified\":\"2026-02-05T20:59:51+00:00\",\"breadcrumb\":{\"@id\":\"https:\/\/dev.traduzca.studio.nous.biz\/empresarial\/#breadcrumb\"},\"inLanguage\":\"es\",\"potentialAction\":[{\"@type\":\"ReadAction\",\"target\":[\"https:\/\/dev.traduzca.studio.nous.biz\/empresarial\/\"]}]},{\"@type\":\"ImageObject\",\"inLanguage\":\"es\",\"@id\":\"https:\/\/dev.traduzca.studio.nous.biz\/empresarial\/#primaryimage\",\"url\":\"https:\/\/dev.traduzca.studio.nous.biz\/wp-content\/uploads\/2026\/02\/Traducao-empresariais-traduzca-1-1024x683.jpg\",\"contentUrl\":\"https:\/\/dev.traduzca.studio.nous.biz\/wp-content\/uploads\/2026\/02\/Traducao-empresariais-traduzca-1-1024x683.jpg\"},{\"@type\":\"BreadcrumbList\",\"@id\":\"https:\/\/dev.traduzca.studio.nous.biz\/empresarial\/#breadcrumb\",\"itemListElement\":[{\"@type\":\"ListItem\",\"position\":1,\"name\":\"Home\",\"item\":\"https:\/\/dev.traduzca.studio.nous.biz\/\"},{\"@type\":\"ListItem\",\"position\":2,\"name\":\"Empresarial\"}]},{\"@type\":\"WebSite\",\"@id\":\"https:\/\/dev.traduzca.studio.nous.biz\/#website\",\"url\":\"https:\/\/dev.traduzca.studio.nous.biz\/\",\"name\":\"Traduzca\",\"description\":\"A Traduzca conecta voc\u00ea a tradutores nativos com expertise t\u00e9cnica. Qualidade, sigilo e pontualidade para romper as barreiras do seu neg\u00f3cio.\",\"publisher\":{\"@id\":\"https:\/\/dev.traduzca.studio.nous.biz\/#organization\"},\"potentialAction\":[{\"@type\":\"SearchAction\",\"target\":{\"@type\":\"EntryPoint\",\"urlTemplate\":\"https:\/\/dev.traduzca.studio.nous.biz\/?s={search_term_string}\"},\"query-input\":{\"@type\":\"PropertyValueSpecification\",\"valueRequired\":true,\"valueName\":\"search_term_string\"}}],\"inLanguage\":\"es\"},{\"@type\":\"Organization\",\"@id\":\"https:\/\/dev.traduzca.studio.nous.biz\/#organization\",\"name\":\"Traduzca\",\"url\":\"https:\/\/dev.traduzca.studio.nous.biz\/\",\"logo\":{\"@type\":\"ImageObject\",\"inLanguage\":\"es\",\"@id\":\"https:\/\/dev.traduzca.studio.nous.biz\/#\/schema\/logo\/image\/\",\"url\":\"https:\/\/dev.traduzca.studio.nous.biz\/wp-content\/uploads\/2026\/02\/cropped-favicon.png\",\"contentUrl\":\"https:\/\/dev.traduzca.studio.nous.biz\/wp-content\/uploads\/2026\/02\/cropped-favicon.png\",\"width\":97,\"height\":94,\"caption\":\"Traduzca\"},\"image\":{\"@id\":\"https:\/\/dev.traduzca.studio.nous.biz\/#\/schema\/logo\/image\/\"},\"sameAs\":[\"https:\/\/www.facebook.com\/traduzca\"]}]}<\/script>\n<!-- \/ Yoast SEO plugin. -->","yoast_head_json":{"title":"Empresarial - Traduzca","robots":{"index":"index","follow":"follow","max-snippet":"max-snippet:-1","max-image-preview":"max-image-preview:large","max-video-preview":"max-video-preview:-1"},"canonical":"https:\/\/dev.traduzca.studio.nous.biz\/es\/empresarial\/","og_locale":"es_ES","og_type":"article","og_title":"Empresarial - Traduzca","og_description":"Tradu\u00e7\u00f5es Empresariais PE\u00c7A UM OR\u00c7AMENTO AGORA Oferecemos servi\u00e7os profissionais de tradu\u00e7\u00e3o empresarial, focados em transmitir a mensagem da sua marca com clareza, precis\u00e3o e impacto. Traduzimos conte\u00fados corporativos respeitando o tom, o p\u00fablico-alvo e os objetivos estrat\u00e9gicos de cada empresa, garantindo uma comunica\u00e7\u00e3o eficaz em diferentes mercados. Atuamos na tradu\u00e7\u00e3o de materiais de marketing, apresenta\u00e7\u00f5es [&hellip;]","og_url":"https:\/\/dev.traduzca.studio.nous.biz\/es\/empresarial\/","og_site_name":"Traduzca","article_publisher":"https:\/\/www.facebook.com\/traduzca","article_modified_time":"2026-02-05T20:59:51+00:00","og_image":[{"url":"https:\/\/dev.traduzca.studio.nous.biz\/wp-content\/uploads\/2026\/02\/Traducao-empresariais-traduzca-1-1024x683.jpg","type":"","width":"","height":""}],"twitter_card":"summary_large_image","twitter_misc":{"Tiempo de lectura":"1 minuto"},"schema":{"@context":"https:\/\/schema.org","@graph":[{"@type":"WebPage","@id":"https:\/\/dev.traduzca.studio.nous.biz\/empresarial\/","url":"https:\/\/dev.traduzca.studio.nous.biz\/empresarial\/","name":"Empresarial - Traduzca","isPartOf":{"@id":"https:\/\/dev.traduzca.studio.nous.biz\/#website"},"primaryImageOfPage":{"@id":"https:\/\/dev.traduzca.studio.nous.biz\/empresarial\/#primaryimage"},"image":{"@id":"https:\/\/dev.traduzca.studio.nous.biz\/empresarial\/#primaryimage"},"thumbnailUrl":"https:\/\/dev.traduzca.studio.nous.biz\/wp-content\/uploads\/2026\/02\/Traducao-empresariais-traduzca-1-1024x683.jpg","datePublished":"2026-01-07T11:54:26+00:00","dateModified":"2026-02-05T20:59:51+00:00","breadcrumb":{"@id":"https:\/\/dev.traduzca.studio.nous.biz\/empresarial\/#breadcrumb"},"inLanguage":"es","potentialAction":[{"@type":"ReadAction","target":["https:\/\/dev.traduzca.studio.nous.biz\/empresarial\/"]}]},{"@type":"ImageObject","inLanguage":"es","@id":"https:\/\/dev.traduzca.studio.nous.biz\/empresarial\/#primaryimage","url":"https:\/\/dev.traduzca.studio.nous.biz\/wp-content\/uploads\/2026\/02\/Traducao-empresariais-traduzca-1-1024x683.jpg","contentUrl":"https:\/\/dev.traduzca.studio.nous.biz\/wp-content\/uploads\/2026\/02\/Traducao-empresariais-traduzca-1-1024x683.jpg"},{"@type":"BreadcrumbList","@id":"https:\/\/dev.traduzca.studio.nous.biz\/empresarial\/#breadcrumb","itemListElement":[{"@type":"ListItem","position":1,"name":"Home","item":"https:\/\/dev.traduzca.studio.nous.biz\/"},{"@type":"ListItem","position":2,"name":"Empresarial"}]},{"@type":"WebSite","@id":"https:\/\/dev.traduzca.studio.nous.biz\/#website","url":"https:\/\/dev.traduzca.studio.nous.biz\/","name":"Traduzca","description":"Traduzca lo conecta con traductores nativos con experiencia t\u00e9cnica. Calidad, confidencialidad y puntualidad para derribar las barreras de su negocio.","publisher":{"@id":"https:\/\/dev.traduzca.studio.nous.biz\/#organization"},"potentialAction":[{"@type":"SearchAction","target":{"@type":"EntryPoint","urlTemplate":"https:\/\/dev.traduzca.studio.nous.biz\/?s={search_term_string}"},"query-input":{"@type":"PropertyValueSpecification","valueRequired":true,"valueName":"search_term_string"}}],"inLanguage":"es"},{"@type":"Organization","@id":"https:\/\/dev.traduzca.studio.nous.biz\/#organization","name":"Traduzca","url":"https:\/\/dev.traduzca.studio.nous.biz\/","logo":{"@type":"ImageObject","inLanguage":"es","@id":"https:\/\/dev.traduzca.studio.nous.biz\/#\/schema\/logo\/image\/","url":"https:\/\/dev.traduzca.studio.nous.biz\/wp-content\/uploads\/2026\/02\/cropped-favicon.png","contentUrl":"https:\/\/dev.traduzca.studio.nous.biz\/wp-content\/uploads\/2026\/02\/cropped-favicon.png","width":97,"height":94,"caption":"Traduzca"},"image":{"@id":"https:\/\/dev.traduzca.studio.nous.biz\/#\/schema\/logo\/image\/"},"sameAs":["https:\/\/www.facebook.com\/traduzca"]}]}},"_links":{"self":[{"href":"https:\/\/dev.traduzca.studio.nous.biz\/es\/wp-json\/wp\/v2\/pages\/869","targetHints":{"allow":["GET"]}}],"collection":[{"href":"https:\/\/dev.traduzca.studio.nous.biz\/es\/wp-json\/wp\/v2\/pages"}],"about":[{"href":"https:\/\/dev.traduzca.studio.nous.biz\/es\/wp-json\/wp\/v2\/types\/page"}],"author":[{"embeddable":true,"href":"https:\/\/dev.traduzca.studio.nous.biz\/es\/wp-json\/wp\/v2\/users\/1"}],"replies":[{"embeddable":true,"href":"https:\/\/dev.traduzca.studio.nous.biz\/es\/wp-json\/wp\/v2\/comments?post=869"}],"version-history":[{"count":16,"href":"https:\/\/dev.traduzca.studio.nous.biz\/es\/wp-json\/wp\/v2\/pages\/869\/revisions"}],"predecessor-version":[{"id":2224,"href":"https:\/\/dev.traduzca.studio.nous.biz\/es\/wp-json\/wp\/v2\/pages\/869\/revisions\/2224"}],"wp:attachment":[{"href":"https:\/\/dev.traduzca.studio.nous.biz\/es\/wp-json\/wp\/v2\/media?parent=869"}],"curies":[{"name":"wp","href":"https:\/\/api.w.org\/{rel}","templated":true}]}}